{"id":1071,"date":"2022-06-28T18:32:40","date_gmt":"2022-06-28T23:32:40","guid":{"rendered":"https:\/\/fusay.org\/?page_id=1071"},"modified":"2025-02-27T18:16:49","modified_gmt":"2025-02-27T23:16:49","slug":"inscripcion","status":"publish","type":"page","link":"https:\/\/fusay.org\/en\/inscripcion\/","title":{"rendered":"Inscripci\u00f3n"},"content":{"rendered":"\t\t<div data-elementor-type=\"wp-page\" data-elementor-id=\"1071\" class=\"elementor elementor-1071\">\n\t\t\t\t\t\t<section class=\"elementor-section elementor-top-section elementor-element elementor-element-f2a0cd5 elementor-section-boxed elementor-section-height-default elementor-section-height-default jltma-glass-effect-no\" data-id=\"f2a0cd5\" data-element_type=\"section\" data-e-type=\"section\">\n\t\t\t\t\t\t<div class=\"elementor-container elementor-column-gap-default\">\n\t\t\t\t\t<div class=\"elementor-column elementor-col-100 elementor-top-column elementor-element elementor-element-5896226 jltma-glass-effect-no\" data-id=\"5896226\" data-element_type=\"column\" data-e-type=\"column\">\n\t\t\t<div class=\"elementor-widget-wrap elementor-element-populated\">\n\t\t\t\t\t\t<div class=\"elementor-element elementor-element-1585697 jltma-glass-effect-no elementor-widget elementor-widget-heading\" data-id=\"1585697\" data-element_type=\"widget\" data-e-type=\"widget\" data-widget_type=\"heading.default\">\n\t\t\t\t<div class=\"elementor-widget-container\">\n\t\t\t\t\t<h2 class=\"elementor-heading-title elementor-size-default\">Formulario de Inscripci\u00f3n Pawkar Raymi 2025<\/h2>\t\t\t\t<\/div>\n\t\t\t\t<\/div>\n\t\t\t\t\t<\/div>\n\t\t<\/div>\n\t\t\t\t\t<\/div>\n\t\t<\/section>\n\t\t\t\t<section class=\"elementor-section elementor-top-section elementor-element elementor-element-ebbf50a elementor-section-boxed elementor-section-height-default elementor-section-height-default jltma-glass-effect-no\" data-id=\"ebbf50a\" data-element_type=\"section\" data-e-type=\"section\">\n\t\t\t\t\t\t<div class=\"elementor-container elementor-column-gap-default\">\n\t\t\t\t\t<div class=\"elementor-column elementor-col-100 elementor-top-column elementor-element elementor-element-7947558 jltma-glass-effect-no\" data-id=\"7947558\" data-element_type=\"column\" data-e-type=\"column\">\n\t\t\t<div class=\"elementor-widget-wrap elementor-element-populated\">\n\t\t\t\t\t\t<div class=\"elementor-element elementor-element-08a98f1 jltma-glass-effect-no elementor-widget elementor-widget-everest-forms\" data-id=\"08a98f1\" data-element_type=\"widget\" data-e-type=\"widget\" data-widget_type=\"everest-forms.default\">\n\t\t\t\t<div class=\"elementor-widget-container\">\n\t\t\t\t\t\t\t\t<div class=\"everest-forms\"><div class=\"evf-container default\" id=\"evf-2266\"><form id=\"evf-form-2266\" class=\"everest-form\" data-formid=\"2266\" data-ajax_submission=\"0\" data-keyboard_friendly_form=\"0\" data-form_state_type=\"\" method=\"post\" enctype=\"multipart\/form-data\" action=\"\/en\/wp-json\/wp\/v2\/pages\/1071\"><div class=\"evf-field-container\"><input type=\"hidden\" id=\"_wpnonce2266\" name=\"_wpnonce2266\" value=\"e8dbdf9067\" \/><input type=\"hidden\" name=\"_wp_http_referer\" value=\"\/en\/wp-json\/wp\/v2\/pages\/1071\" \/><div class=\"evf-frontend-row\" data-row=\"row_1\" conditional_rules=\"[]\"><div class=\"evf-frontend-grid evf-grid-1\" data-grid=\"grid_1\"><div id=\"evf-2266-field_sqNrpKhw1z-8-container\" class=\"evf-field evf-field-last-name form-row validate-required\" data-required-field-message=\"Este campo es obligatorio.\" data-field-id=\"sqNrpKhw1z-8\"><label class=\"evf-field-label\" for=\"evf-2266-field_sqNrpKhw1z-8\"><span class=\"evf-label\">Nro de C\u00e9dula o Pasaporte<\/span> <abbr class=\"required\" title=\"Required\">*<\/abbr><\/label><input type=\"text\" id=\"evf-2266-field_sqNrpKhw1z-8\" class=\"input-text\" name=\"everest_forms[form_fields][sqNrpKhw1z-8]\" required><\/div><div id=\"evf-2266-field_egUDE3BZtP-1-container\" class=\"evf-field evf-field-first-name form-row validate-required\" data-required-field-message=\"Este campo es obligatorio.\" data-field-id=\"egUDE3BZtP-1\"><label class=\"evf-field-label\" for=\"evf-2266-field_egUDE3BZtP-1\"><span class=\"evf-label\">Nombres<\/span> <abbr class=\"required\" title=\"Required\">*<\/abbr><\/label><input type=\"text\" id=\"evf-2266-field_egUDE3BZtP-1\" class=\"input-text\" name=\"everest_forms[form_fields][egUDE3BZtP-1]\" required><\/div><div id=\"evf-2266-field_VGxKpKy2QW-2-container\" class=\"evf-field evf-field-last-name form-row validate-required\" data-required-field-message=\"Este campo es obligatorio.\" data-field-id=\"VGxKpKy2QW-2\"><label class=\"evf-field-label\" for=\"evf-2266-field_VGxKpKy2QW-2\"><span class=\"evf-label\">Apellidos<\/span> <abbr class=\"required\" title=\"Required\">*<\/abbr><\/label><input type=\"text\" id=\"evf-2266-field_VGxKpKy2QW-2\" class=\"input-text\" name=\"everest_forms[form_fields][VGxKpKy2QW-2]\" required><\/div><div id=\"evf-2266-field_5lhWYB5NQY-10-container\" class=\"evf-field evf-field-first-name form-row validate-required\" data-required-field-message=\"Este campo es obligatorio.\" data-field-id=\"5lhWYB5NQY-10\"><label class=\"evf-field-label\" for=\"evf-2266-field_5lhWYB5NQY-10\"><span class=\"evf-label\">Fecha de Nacimiento<\/span> <abbr class=\"required\" title=\"Required\">*<\/abbr><\/label><input type=\"text\" id=\"evf-2266-field_5lhWYB5NQY-10\" class=\"input-text\" name=\"everest_forms[form_fields][5lhWYB5NQY-10]\" required><\/div><div id=\"evf-2266-field_03pIDFauT0-6-container\" class=\"evf-field evf-field-last-name form-row validate-required\" data-required-field-message=\"Este campo es obligatorio.\" data-field-id=\"03pIDFauT0-6\"><label class=\"evf-field-label\" for=\"evf-2266-field_03pIDFauT0-6\"><span class=\"evf-label\">Pa\u00eds<\/span> <abbr class=\"required\" title=\"Required\">*<\/abbr><\/label><input type=\"text\" id=\"evf-2266-field_03pIDFauT0-6\" class=\"input-text\" name=\"everest_forms[form_fields][03pIDFauT0-6]\" required><\/div><div id=\"evf-2266-field_6CTRKUbe0Y-4-container\" class=\"evf-field evf-field-number form-row validate-required\" data-required-field-message=\"Escribe un n\u00famero v\u00e1lido.\" data-field-id=\"6CTRKUbe0Y-4\"><label class=\"evf-field-label\" for=\"evf-2266-field_6CTRKUbe0Y-4\"><span class=\"evf-label\">Celular<\/span> <abbr class=\"required\" title=\"Required\">*<\/abbr><\/label><input type=\"number\" id=\"evf-2266-field_6CTRKUbe0Y-4\" class=\"input-text\" name=\"everest_forms[form_fields][6CTRKUbe0Y-4]\" required\/><\/div><div id=\"evf-2266-field_email-container\" class=\"evf-field evf-field-email form-row validate-required validate-email\" data-required-field-message=\"Por favor, usa una direcci\u00f3n de correo electr\u00f3nico v\u00e1lida.\" data-field-id=\"email\"><label class=\"evf-field-label\" for=\"evf-2266-field_email\"><span class=\"evf-label\">Email<\/span> <abbr class=\"required\" title=\"Required\">*<\/abbr><\/label><input type=\"email\" id=\"evf-2266-field_email\" class=\"input-text\" name=\"everest_forms[form_fields][email]\" required ><\/div><div id=\"evf-2266-field_mOv2xpCd1f-7-container\" class=\"evf-field evf-field-checkbox form-row validate-required\" data-required-field-message=\"Este campo es obligatorio.\" data-field-id=\"mOv2xpCd1f-7\"><label class=\"evf-field-label\" for=\"evf-2266-field_mOv2xpCd1f-7\"><span class=\"evf-label\">Intenci\u00f3n de Participar en el Evento<\/span> <abbr class=\"required\" title=\"Required\">*<\/abbr><\/label><ul id=\"evf-2266-field_mOv2xpCd1f-7\" class=\" evf-field-required\" data-choice-limit=\"1\"><li class=\"choice-1 depth-1\"><input type=\"checkbox\" id=\"evf-2266-field_mOv2xpCd1f-7_1\" class=\"input-text\" data-rule-check-limit=\"true\" name=\"everest_forms[form_fields][mOv2xpCd1f-7][]\" value=\"$40,00 USD Pronto pago hasta el 28 de febrero\" required ><label class=\"everest-forms-field-label-inline\" for=\"evf-2266-field_mOv2xpCd1f-7_1\">$40,00 USD Pronto pago hasta el 28 de febrero<\/label><\/li><li class=\"choice-5 depth-1\"><input type=\"checkbox\" id=\"evf-2266-field_mOv2xpCd1f-7_5\" class=\"input-text\" data-rule-check-limit=\"true\" name=\"everest_forms[form_fields][mOv2xpCd1f-7][]\" value=\"$45,00 USD - desde el 1 hasta el 13 de marzo\" required ><label class=\"everest-forms-field-label-inline\" for=\"evf-2266-field_mOv2xpCd1f-7_5\">$45,00 USD - desde el 1 hasta el 13 de marzo<\/label><\/li><li class=\"choice-6 depth-1\"><input type=\"checkbox\" id=\"evf-2266-field_mOv2xpCd1f-7_6\" class=\"input-text\" data-rule-check-limit=\"true\" name=\"everest_forms[form_fields][mOv2xpCd1f-7][]\" value=\"$50,00 - Danzante (d\u00eda del evento)\" required ><label class=\"everest-forms-field-label-inline\" for=\"evf-2266-field_mOv2xpCd1f-7_6\">$50,00 - Danzante (d\u00eda del evento)<\/label><\/li><li class=\"choice-2 depth-1\"><input type=\"checkbox\" id=\"evf-2266-field_mOv2xpCd1f-7_2\" class=\"input-text\" data-rule-check-limit=\"true\" name=\"everest_forms[form_fields][mOv2xpCd1f-7][]\" value=\"Participante - $25,00 USD\" required ><label class=\"everest-forms-field-label-inline\" for=\"evf-2266-field_mOv2xpCd1f-7_2\">Participante - $25,00 USD<\/label><\/li><li class=\"choice-3 depth-1\"><input type=\"checkbox\" id=\"evf-2266-field_mOv2xpCd1f-7_3\" class=\"input-text\" data-rule-check-limit=\"true\" name=\"everest_forms[form_fields][mOv2xpCd1f-7][]\" value=\"Observador - $10,00 USD\" required ><label class=\"everest-forms-field-label-inline\" for=\"evf-2266-field_mOv2xpCd1f-7_3\">Observador - $10,00 USD<\/label><\/li><li class=\"choice-4 depth-1\"><input type=\"checkbox\" id=\"evf-2266-field_mOv2xpCd1f-7_4\" class=\"input-text\" data-rule-check-limit=\"true\" name=\"everest_forms[form_fields][mOv2xpCd1f-7][]\" value=\"Estudiantes - $25,00 USD\" required ><label class=\"everest-forms-field-label-inline\" for=\"evf-2266-field_mOv2xpCd1f-7_4\">Estudiantes - $25,00 USD<\/label><\/li><\/ul><div class=\"evf-field-description\">1. Danzante: acceso a temazcal, danza, refrigerio, medicinas, comida y espacio para acampar. | 2. Participante: Acceso a medicina, refrigerio, comida y espacio para acampar. | 3. Observador: acceso a conocer los espacios del lugar<\/div><\/div><div id=\"evf-2266-field_LLW3MAuVGY-12-container\" class=\"evf-field evf-field-checkbox form-row validate-required\" data-required-field-message=\"Este campo es obligatorio.\" data-field-id=\"LLW3MAuVGY-12\"><label class=\"evf-field-label\" for=\"evf-2266-field_LLW3MAuVGY-12\"><span class=\"evf-label\">Padece alguna enfermedad grave, alergias, etc.<\/span> <abbr class=\"required\" title=\"Required\">*<\/abbr><\/label><ul id=\"evf-2266-field_LLW3MAuVGY-12\" class=\" evf-field-required\"><li class=\"choice-1 depth-1\"><input type=\"checkbox\" id=\"evf-2266-field_LLW3MAuVGY-12_1\" class=\"input-text\" name=\"everest_forms[form_fields][LLW3MAuVGY-12][]\" value=\"Si\" required ><label class=\"everest-forms-field-label-inline\" for=\"evf-2266-field_LLW3MAuVGY-12_1\">Si<\/label><\/li><li class=\"choice-2 depth-1\"><input type=\"checkbox\" id=\"evf-2266-field_LLW3MAuVGY-12_2\" class=\"input-text\" name=\"everest_forms[form_fields][LLW3MAuVGY-12][]\" value=\"No\" required ><label class=\"everest-forms-field-label-inline\" for=\"evf-2266-field_LLW3MAuVGY-12_2\">No<\/label><\/li><\/ul><\/div><div id=\"evf-2266-field_message-container\" class=\"evf-field evf-field-textarea form-row\" data-field-id=\"message\"><label class=\"evf-field-label\" for=\"evf-2266-field_message\"><span class=\"evf-label\">Describa enfermedad o alergia<\/span> <\/label><textarea id=\"evf-2266-field_message\" class=\"input-text\" name=\"everest_forms[form_fields][message]\"  ><\/textarea><\/div><div id=\"evf-2266-field_mfFw89vWGV-9-container\" class=\"evf-field evf-field-text form-row validate-required\" data-required-field-message=\"Este campo es obligatorio.\" data-field-id=\"mfFw89vWGV-9\"><label class=\"evf-field-label\" for=\"evf-2266-field_mfFw89vWGV-9\"><span class=\"evf-label\">En caso de emergencia escribir Nombre, Contacto y parentesco<\/span> <abbr class=\"required\" title=\"Required\">*<\/abbr><\/label><input type=\"text\" id=\"evf-2266-field_mfFw89vWGV-9\" class=\"input-text\" name=\"everest_forms[form_fields][mfFw89vWGV-9]\" required><\/div><div id=\"evf-2266-field_wXWh0ORSIh-17-container\" class=\"evf-field evf-field-checkbox form-row validate-required\" data-required-field-message=\"Este campo es obligatorio.\" data-field-id=\"wXWh0ORSIh-17\"><label class=\"evf-field-label\" for=\"evf-2266-field_wXWh0ORSIh-17\"><span class=\"evf-label\">Informaci\u00f3n Importante<\/span> <abbr class=\"required\" title=\"Required\">*<\/abbr><\/label><ul id=\"evf-2266-field_wXWh0ORSIh-17\" class=\" evf-field-required\"><li class=\"choice-1 depth-1\"><input type=\"checkbox\" id=\"evf-2266-field_wXWh0ORSIh-17_1\" class=\"input-text\" name=\"everest_forms[form_fields][wXWh0ORSIh-17][]\" value=\"Confirmaci\u00f3n de Consentimiento\" required ><label class=\"everest-forms-field-label-inline\" for=\"evf-2266-field_wXWh0ORSIh-17_1\">Confirmaci\u00f3n de Consentimiento<\/label><\/li><\/ul><div class=\"evf-field-description\">Declaro de manera libre y voluntaria que deseo asistir a este evento bajo mi propia decisi\u00f3n. Adem\u00e1s estoy consiente que es de mi absoluta responsabilidad tener disponible los implementos m\u00e9dicos y farmacol\u00f3gicos necesarios en caso de padecer alguna enfermedad. Declaro libre de cualquier responsabilidad legal a la Fundaci\u00f3n Salud y Vida Nueva y a todos sus representantes en caso de alg\u00fan imprevisto que pueda afectar mi integridad f\u00edsica o psicol\u00f3gica.<\/div><\/div><\/div><\/div><\/div><div class=\"evf-honeypot-container evf-field-hp\"><label for=\"evf-2266-field-hp\" class=\"evf-field-label\">Name<\/label><input type=\"text\" name=\"everest_forms[hp]\" id=\"evf-2266-field-hp\" class=\"input-text\"><\/div><div class=\"evf-submit-container \" ><input type=\"hidden\" name=\"everest_forms[id]\" value=\"2266\"><input type=\"hidden\" name=\"everest_forms[author]\" value=\"1\"><button type='submit' name='everest_forms[submit]' class='everest-forms-submit-button button evf-submit ' id='evf-submit-2266' value='evf-submit' data-process-text=\"Procesando...\" conditional_rules='&quot;&quot;' conditional_id='evf-submit-2266'  id=\"evf-submit-2266\" aria-live=\"assertive\">Enviar<\/button><\/div><\/form><\/div><!-- .evf-container --><\/div>\t\t\t\t\t\t<\/div>\n\t\t\t\t<\/div>\n\t\t\t\t<div class=\"elementor-element elementor-element-52c99cb elementor-align-center jltma-glass-effect-no elementor-widget elementor-widget-button\" data-id=\"52c99cb\" data-element_type=\"widget\" data-e-type=\"widget\" data-widget_type=\"button.default\">\n\t\t\t\t<div class=\"elementor-widget-container\">\n\t\t\t\t\t\t\t\t\t<div class=\"elementor-button-wrapper\">\n\t\t\t\t\t<a class=\"elementor-button elementor-button-link elementor-size-md\" href=\"https:\/\/fusay.org\/pawkar-raymi-2025\/\">\n\t\t\t\t\t\t<span class=\"elementor-button-content-wrapper\">\n\t\t\t\t\t\t<span class=\"elementor-button-icon\">\n\t\t\t\t<i aria-hidden=\"true\" class=\"fas fa-chevron-circle-left\"><\/i>\t\t\t<\/span>\n\t\t\t\t\t\t\t\t\t<span class=\"elementor-button-text\">Volver<\/span>\n\t\t\t\t\t<\/span>\n\t\t\t\t\t<\/a>\n\t\t\t\t<\/div>\n\t\t\t\t\t\t\t\t<\/div>\n\t\t\t\t<\/div>\n\t\t\t\t\t<\/div>\n\t\t<\/div>\n\t\t\t\t\t<\/div>\n\t\t<\/section>\n\t\t\t\t<\/div>\n\t\t","protected":false},"excerpt":{"rendered":"<p>Formulario de Inscripci\u00f3n Pawkar Raymi 2025 Nro de C\u00e9dula o Pasaporte *Nombres *Apellidos *Fecha de Nacimiento *Pa\u00eds *Celular *Email *Intenci\u00f3n de Participar en el Evento * $40,00 USD Pronto pago hasta el 10 de marzo $45,00 USD &#8211; desde el 11 hasta el 14 de marzo $50,00 &#8211; Danzante (d\u00eda del evento) Participante &#8211; $25,00 [&hellip;]<\/p>\n","protected":false},"author":1,"featured_media":0,"parent":0,"menu_order":0,"comment_status":"closed","ping_status":"closed","template":"","meta":{"site-sidebar-layout":"default","site-content-layout":"","ast-site-content-layout":"default","site-content-style":"default","site-sidebar-style":"default","ast-global-header-display":"","ast-banner-title-visibility":"","ast-main-header-display":"","ast-hfb-above-header-display":"","ast-hfb-below-header-display":"","ast-hfb-mobile-header-display":"","site-post-title":"","ast-breadcrumbs-content":"","ast-featured-img":"","footer-sml-layout":"","ast-disable-related-posts":"","theme-transparent-header-meta":"","adv-header-id-meta":"","stick-header-meta":"","header-above-stick-meta":"","header-main-stick-meta":"","header-below-stick-meta":"","astra-migrate-meta-layouts":"default","ast-page-background-enabled":"default","ast-page-background-meta":{"desktop":{"background-color":"var(--ast-global-color-4)","background-image":"","background-repeat":"repeat","background-position":"center center","background-size":"auto","background-attachment":"scroll","background-type":"","background-media":"","overlay-type":"","overlay-color":"","overlay-opacity":"","overlay-gradient":""},"tablet":{"background-color":"","background-image":"","background-repeat":"repeat","background-position":"center center","background-size":"auto","background-attachment":"scroll","background-type":"","background-media":"","overlay-type":"","overlay-color":"","overlay-opacity":"","overlay-gradient":""},"mobile":{"background-color":"","background-image":"","background-repeat":"repeat","background-position":"center center","background-size":"auto","background-attachment":"scroll","background-type":"","background-media":"","overlay-type":"","overlay-color":"","overlay-opacity":"","overlay-gradient":""}},"ast-content-background-meta":{"desktop":{"background-color":"var(--ast-global-color-5)","background-image":"","background-repeat":"repeat","background-position":"center center","background-size":"auto","background-attachment":"scroll","background-type":"","background-media":"","overlay-type":"","overlay-color":"","overlay-opacity":"","overlay-gradient":""},"tablet":{"background-color":"var(--ast-global-color-5)","background-image":"","background-repeat":"repeat","background-position":"center center","background-size":"auto","background-attachment":"scroll","background-type":"","background-media":"","overlay-type":"","overlay-color":"","overlay-opacity":"","overlay-gradient":""},"mobile":{"background-color":"var(--ast-global-color-5)","background-image":"","background-repeat":"repeat","background-position":"center center","background-size":"auto","background-attachment":"scroll","background-type":"","background-media":"","overlay-type":"","overlay-color":"","overlay-opacity":"","overlay-gradient":""}},"footnotes":""},"class_list":["post-1071","page","type-page","status-publish","hentry"],"_links":{"self":[{"href":"https:\/\/fusay.org\/en\/wp-json\/wp\/v2\/pages\/1071","targetHints":{"allow":["GET"]}}],"collection":[{"href":"https:\/\/fusay.org\/en\/wp-json\/wp\/v2\/pages"}],"about":[{"href":"https:\/\/fusay.org\/en\/wp-json\/wp\/v2\/types\/page"}],"author":[{"embeddable":true,"href":"https:\/\/fusay.org\/en\/wp-json\/wp\/v2\/users\/1"}],"replies":[{"embeddable":true,"href":"https:\/\/fusay.org\/en\/wp-json\/wp\/v2\/comments?post=1071"}],"version-history":[{"count":61,"href":"https:\/\/fusay.org\/en\/wp-json\/wp\/v2\/pages\/1071\/revisions"}],"predecessor-version":[{"id":2700,"href":"https:\/\/fusay.org\/en\/wp-json\/wp\/v2\/pages\/1071\/revisions\/2700"}],"wp:attachment":[{"href":"https:\/\/fusay.org\/en\/wp-json\/wp\/v2\/media?parent=1071"}],"curies":[{"name":"wp","href":"https:\/\/api.w.org\/{rel}","templated":true}]}}