{"id":1564,"date":"2022-08-12T18:57:03","date_gmt":"2022-08-12T23:57:03","guid":{"rendered":"https:\/\/fusay.org\/?page_id=1564"},"modified":"2025-05-29T12:38:58","modified_gmt":"2025-05-29T17:38:58","slug":"raymikuna","status":"publish","type":"page","link":"https:\/\/fusay.org\/en\/raymikuna\/","title":{"rendered":"Raymikuna"},"content":{"rendered":"<div data-elementor-type=\"wp-page\" data-elementor-id=\"1564\" class=\"elementor elementor-1564\">\n\t\t\t\t\t\t<section class=\"elementor-section elementor-top-section elementor-element elementor-element-e8ce390 elementor-section-boxed elementor-section-height-default elementor-section-height-default jltma-glass-effect-no\" data-id=\"e8ce390\" data-element_type=\"section\" data-e-type=\"section\">\n\t\t\t\t\t\t<div class=\"elementor-container elementor-column-gap-default\">\n\t\t\t\t\t<div class=\"elementor-column elementor-col-100 elementor-top-column elementor-element elementor-element-9aa8cdb jltma-glass-effect-no\" data-id=\"9aa8cdb\" data-element_type=\"column\" data-e-type=\"column\">\n\t\t\t<div class=\"elementor-widget-wrap elementor-element-populated\">\n\t\t\t\t\t\t<div class=\"elementor-element elementor-element-e90dd5c jltma-glass-effect-no elementor-widget elementor-widget-heading\" data-id=\"e90dd5c\" data-element_type=\"widget\" data-e-type=\"widget\" data-widget_type=\"heading.default\">\n\t\t\t\t<div class=\"elementor-widget-container\">\n\t\t\t\t\t<h2 class=\"elementor-heading-title elementor-size-default\">Proyecto Raymikuna<\/h2>\t\t\t\t<\/div>\n\t\t\t\t<\/div>\n\t\t\t\t<div class=\"elementor-element elementor-element-5c062be jltma-glass-effect-no elementor-widget elementor-widget-text-editor\" data-id=\"5c062be\" data-element_type=\"widget\" data-e-type=\"widget\" data-widget_type=\"text-editor.default\">\n\t\t\t\t<div class=\"elementor-widget-container\">\n\t\t\t\t\t\t\t\t\t<p data-start=\"141\" data-end=\"206\"><strong data-start=\"141\" data-end=\"206\">Restableciendo el verdadero sentido de las danzas ancestrales<\/strong><\/p><p data-start=\"208\" data-end=\"573\">En la Fundaci\u00f3n Salud y Vida Nueva (FUSAY), las danzas son actos sagrados de reconexi\u00f3n con los ciclos de la Tierra y el cosmos. A trav\u00e9s de estas danzas ceremoniales, restablecemos el verdadero sentido espiritual y energ\u00e9tico de cada Raymi, honrando la sabidur\u00eda ancestral de los pueblos andinos.<\/p><p data-start=\"575\" data-end=\"931\">Danzamos de d\u00eda en los solsticios, celebrando la energ\u00eda masculina del sol, y de noche en los equinoccios, honrando la energ\u00eda femenina de la luna que equilibra y sostiene la vida.<\/p><p data-start=\"933\" data-end=\"1211\">Cada danza tiene su tiempo, su ritmo y su prop\u00f3sito. El Pawkar Raymi florece como la vida misma; el Inti Raymi enciende la fuerza del sol interior; el Kulla Raymi honra la fertilidad y la memoria del agua; y el Kapak Raymi transforma la voluntad y la sabidur\u00eda para el nuevo l\u00edder.<\/p><p data-start=\"1213\" data-end=\"1397\">En FUSAY, estos encuentros no son espect\u00e1culos, sino espacios de sanaci\u00f3n y ense\u00f1anza, donde el cuerpo, el esp\u00edritu y la comunidad se alinean con los tiempos sagrados de la naturaleza.<\/p>\t\t\t\t\t\t\t\t<\/div>\n\t\t\t\t<\/div>\n\t\t\t\t\t<\/div>\n\t\t<\/div>\n\t\t\t\t\t<\/div>\n\t\t<\/section>\n\t\t\t\t<section class=\"elementor-section elementor-top-section elementor-element elementor-element-7d23148 elementor-section-boxed elementor-section-height-default elementor-section-height-default jltma-glass-effect-no\" data-id=\"7d23148\" data-element_type=\"section\" data-e-type=\"section\">\n\t\t\t\t\t\t<div class=\"elementor-container elementor-column-gap-default\">\n\t\t\t\t\t<div class=\"elementor-column elementor-col-25 elementor-top-column elementor-element elementor-element-23796e5 jltma-glass-effect-no\" data-id=\"23796e5\" data-element_type=\"column\" data-e-type=\"column\">\n\t\t\t<div class=\"elementor-widget-wrap elementor-element-populated\">\n\t\t\t\t\t\t<div class=\"elementor-element elementor-element-bbf77c7 elementor-animation-grow jltma-glass-effect-no elementor-widget elementor-widget-jltma-infobox jltma-addon jltma-infobox\" data-id=\"bbf77c7\" data-element_type=\"widget\" data-e-type=\"widget\" data-widget_type=\"jltma-infobox.default\">\n\t\t\t\t<div class=\"elementor-widget-container\">\n\t\t\t\t\t\n\t\t<div id=\"jltma-infobox-bbf77c7\" class=\"jltma-infobox one\">\n\t\t\t<div class=\"jltma-infobox-item\">\n\n\t\t\t\t\n\t\t\t\t\t\n\t\t\t\t\t<div class=\"jltma-infobox-icon image\">\n\n\t\t\t\t\t\t<div class=\"jltma-inner-content\">\n\n\t\t\t\t\t\t\t\t\t\t\t\t\t\t\t<img decoding=\"async\" src=\"https:\/\/fusay.org\/wp-content\/uploads\/2025\/05\/PawkarRaymi-100.jpg\" alt=\"Pawkar Raymi\">\n\t\t\t\t\t\t\t\n\t\t\t\t\t\t\t\t\t\t\t\t\t<\/div><!-- \/.jltma-inner-content -->\n\t\t\t\t\t<\/div>\n\t\t\t\t\n\t\t\t\t<div class=\"jltma-infobox-content\">\n\t\t\t\t\t<div class=\"jltma-inner-content\">\n\t\t\t\t\t\t\t\t\t\t\t\t\t<a href=\"https:\/\/fusay.org\/en\/pawkar-raymi-2025\/\" target=\"_blank\">\n\t\t\t\t\t\t\t\t<h3 class=\"jltma-infobox-content-title\">\n\t\t\t\t\t\t\t\t\tPawkar Raymi\t\t\t\t\t\t\t\t<\/h3>\n\t\t\t\t\t\t\t<\/a>\n\t\t\t\t\t\t\n\t\t\t\t\t\t<p class=\"jltma-infobox-content-description\">\n\t\t\t\t\t\t\tEl Florecer del Camino | 22 de marzo 2025\t\t\t\t\t\t<\/p>\n\n\t\t\t\t\t\t\t\t\t\t\t<\/div><!-- \/.jltma-inner-content -->\n\t\t\t\t<\/div>\n\t\t\t<\/div>\n\t\t<\/div>\n\n\t\t\t\t<\/div>\n\t\t\t\t<\/div>\n\t\t\t\t\t<\/div>\n\t\t<\/div>\n\t\t\t\t<div class=\"elementor-column elementor-col-25 elementor-top-column elementor-element elementor-element-b07a81c jltma-glass-effect-no\" data-id=\"b07a81c\" data-element_type=\"column\" data-e-type=\"column\">\n\t\t\t<div class=\"elementor-widget-wrap elementor-element-populated\">\n\t\t\t\t\t\t<div class=\"elementor-element elementor-element-254aff2 elementor-animation-grow jltma-glass-effect-no elementor-widget elementor-widget-jltma-infobox jltma-addon jltma-infobox\" data-id=\"254aff2\" data-element_type=\"widget\" data-e-type=\"widget\" data-widget_type=\"jltma-infobox.default\">\n\t\t\t\t<div class=\"elementor-widget-container\">\n\t\t\t\t\t\n\t\t<div id=\"jltma-infobox-254aff2\" class=\"jltma-infobox one\">\n\t\t\t<div class=\"jltma-infobox-item\">\n\n\t\t\t\t\n\t\t\t\t\t\n\t\t\t\t\t<div class=\"jltma-infobox-icon image\">\n\n\t\t\t\t\t\t<div class=\"jltma-inner-content\">\n\n\t\t\t\t\t\t\t\t\t\t\t\t\t\t\t<img decoding=\"async\" src=\"https:\/\/fusay.org\/wp-content\/uploads\/2025\/05\/IntiRaymi-100.jpg\" alt=\"Inti Raymi\">\n\t\t\t\t\t\t\t\n\t\t\t\t\t\t\t\t\t\t\t\t\t<\/div><!-- \/.jltma-inner-content -->\n\t\t\t\t\t<\/div>\n\t\t\t\t\n\t\t\t\t<div class=\"jltma-infobox-content\">\n\t\t\t\t\t<div class=\"jltma-inner-content\">\n\t\t\t\t\t\t\t\t\t\t\t\t\t<a href=\"https:\/\/fusay.org\/en\/inti-raymi-2025\/\" target=\"_blank\">\n\t\t\t\t\t\t\t\t<h3 class=\"jltma-infobox-content-title\">\n\t\t\t\t\t\t\t\t\tInti Raymi\t\t\t\t\t\t\t\t<\/h3>\n\t\t\t\t\t\t\t<\/a>\n\t\t\t\t\t\t\n\t\t\t\t\t\t<p class=\"jltma-infobox-content-description\">\n\t\t\t\t\t\t\tAgradecimiento al Sol | 14 junio &#8211; 2025\t\t\t\t\t\t<\/p>\n\n\t\t\t\t\t\t\t\t\t\t\t<\/div><!-- \/.jltma-inner-content -->\n\t\t\t\t<\/div>\n\t\t\t<\/div>\n\t\t<\/div>\n\n\t\t\t\t<\/div>\n\t\t\t\t<\/div>\n\t\t\t\t\t<\/div>\n\t\t<\/div>\n\t\t\t\t<div class=\"elementor-column elementor-col-25 elementor-top-column elementor-element elementor-element-bebbe8f jltma-glass-effect-no\" data-id=\"bebbe8f\" data-element_type=\"column\" data-e-type=\"column\">\n\t\t\t<div class=\"elementor-widget-wrap elementor-element-populated\">\n\t\t\t\t\t\t<div class=\"elementor-element elementor-element-fd0ad7a elementor-animation-grow jltma-glass-effect-no elementor-widget elementor-widget-jltma-infobox jltma-addon jltma-infobox\" data-id=\"fd0ad7a\" data-element_type=\"widget\" data-e-type=\"widget\" data-widget_type=\"jltma-infobox.default\">\n\t\t\t\t<div class=\"elementor-widget-container\">\n\t\t\t\t\t\n\t\t<div id=\"jltma-infobox-fd0ad7a\" class=\"jltma-infobox one\">\n\t\t\t<div class=\"jltma-infobox-item\">\n\n\t\t\t\t\n\t\t\t\t\t\n\t\t\t\t\t<div class=\"jltma-infobox-icon image\">\n\n\t\t\t\t\t\t<div class=\"jltma-inner-content\">\n\n\t\t\t\t\t\t\t\t\t\t\t\t\t\t\t<img decoding=\"async\" src=\"https:\/\/fusay.org\/wp-content\/uploads\/2025\/05\/KullaRaymi-100.jpg\" alt=\"Kulla Raymi\">\n\t\t\t\t\t\t\t\n\t\t\t\t\t\t\t\t\t\t\t\t\t<\/div><!-- \/.jltma-inner-content -->\n\t\t\t\t\t<\/div>\n\t\t\t\t\n\t\t\t\t<div class=\"jltma-infobox-content\">\n\t\t\t\t\t<div class=\"jltma-inner-content\">\n\t\t\t\t\t\t\t\t\t\t\t\t\t<a href=\"https:\/\/fusay.org\/en\/kulla-raymi-2024\/\" target=\"_blank\">\n\t\t\t\t\t\t\t\t<h3 class=\"jltma-infobox-content-title\">\n\t\t\t\t\t\t\t\t\tKulla Raymi\t\t\t\t\t\t\t\t<\/h3>\n\t\t\t\t\t\t\t<\/a>\n\t\t\t\t\t\t\n\t\t\t\t\t\t<p class=\"jltma-infobox-content-description\">\n\t\t\t\t\t\t\tPedir a la Madre Tierra | 20 de septiembre 2025\t\t\t\t\t\t<\/p>\n\n\t\t\t\t\t\t\t\t\t\t\t<\/div><!-- \/.jltma-inner-content -->\n\t\t\t\t<\/div>\n\t\t\t<\/div>\n\t\t<\/div>\n\n\t\t\t\t<\/div>\n\t\t\t\t<\/div>\n\t\t\t\t\t<\/div>\n\t\t<\/div>\n\t\t\t\t<div class=\"elementor-column elementor-col-25 elementor-top-column elementor-element elementor-element-13a11a4 jltma-glass-effect-no\" data-id=\"13a11a4\" data-element_type=\"column\" data-e-type=\"column\">\n\t\t\t<div class=\"elementor-widget-wrap elementor-element-populated\">\n\t\t\t\t\t\t<div class=\"elementor-element elementor-element-a9ec6de elementor-animation-grow jltma-glass-effect-no elementor-widget elementor-widget-jltma-infobox jltma-addon jltma-infobox\" data-id=\"a9ec6de\" data-element_type=\"widget\" data-e-type=\"widget\" data-widget_type=\"jltma-infobox.default\">\n\t\t\t\t<div class=\"elementor-widget-container\">\n\t\t\t\t\t\n\t\t<div id=\"jltma-infobox-a9ec6de\" class=\"jltma-infobox one\">\n\t\t\t<div class=\"jltma-infobox-item\">\n\n\t\t\t\t\n\t\t\t\t\t\n\t\t\t\t\t<div class=\"jltma-infobox-icon image\">\n\n\t\t\t\t\t\t<div class=\"jltma-inner-content\">\n\n\t\t\t\t\t\t\t\t\t\t\t\t\t\t\t<img decoding=\"async\" src=\"https:\/\/fusay.org\/wp-content\/uploads\/2025\/05\/KapakRaymi-100.jpg\" alt=\"Kapak Raymi\">\n\t\t\t\t\t\t\t\n\t\t\t\t\t\t\t\t\t\t\t\t\t<\/div><!-- \/.jltma-inner-content -->\n\t\t\t\t\t<\/div>\n\t\t\t\t\n\t\t\t\t<div class=\"jltma-infobox-content\">\n\t\t\t\t\t<div class=\"jltma-inner-content\">\n\t\t\t\t\t\t\t\t\t\t\t\t\t<a href=\"https:\/\/fusay.org\/en\/kapac-raymi-2024\/\" target=\"_blank\">\n\t\t\t\t\t\t\t\t<h3 class=\"jltma-infobox-content-title\">\n\t\t\t\t\t\t\t\t\tKapak Raymi\t\t\t\t\t\t\t\t<\/h3>\n\t\t\t\t\t\t\t<\/a>\n\t\t\t\t\t\t\n\t\t\t\t\t\t<p class=\"jltma-infobox-content-description\">\n\t\t\t\t\t\t\tNuevo L\u00edder | 13 de diciembre 2025\t\t\t\t\t\t<\/p>\n\n\t\t\t\t\t\t\t\t\t\t\t<\/div><!-- \/.jltma-inner-content -->\n\t\t\t\t<\/div>\n\t\t\t<\/div>\n\t\t<\/div>\n\n\t\t\t\t<\/div>\n\t\t\t\t<\/div>\n\t\t\t\t\t<\/div>\n\t\t<\/div>\n\t\t\t\t\t<\/div>\n\t\t<\/section>\n\t\t\t\t<section class=\"elementor-section elementor-top-section elementor-element elementor-element-72a748a elementor-section-boxed elementor-section-height-default elementor-section-height-default jltma-glass-effect-no\" data-id=\"72a748a\" data-element_type=\"section\" data-e-type=\"section\">\n\t\t\t\t\t\t<div class=\"elementor-container elementor-column-gap-default\">\n\t\t\t\t\t<div class=\"elementor-column elementor-col-100 elementor-top-column elementor-element elementor-element-dea01e7 jltma-glass-effect-no\" data-id=\"dea01e7\" data-element_type=\"column\" data-e-type=\"column\">\n\t\t\t<div class=\"elementor-widget-wrap elementor-element-populated\">\n\t\t\t\t\t\t<div class=\"elementor-element elementor-element-3a85188 jltma-glass-effect-no elementor-widget elementor-widget-spacer\" data-id=\"3a85188\" data-element_type=\"widget\" data-e-type=\"widget\" data-widget_type=\"spacer.default\">\n\t\t\t\t<div class=\"elementor-widget-container\">\n\t\t\t\t\t\t\t<div class=\"elementor-spacer\">\n\t\t\t<div class=\"elementor-spacer-inner\"><\/div>\n\t\t<\/div>\n\t\t\t\t\t\t<\/div>\n\t\t\t\t<\/div>\n\t\t\t\t<div class=\"elementor-element elementor-element-1b813d6 jltma-glass-effect-no elementor-widget elementor-widget-heading\" data-id=\"1b813d6\" data-element_type=\"widget\" data-e-type=\"widget\" data-widget_type=\"heading.default\">\n\t\t\t\t<div class=\"elementor-widget-container\">\n\t\t\t\t\t<h2 class=\"elementor-heading-title elementor-size-default\">Instituciones que respladan nuestro trabajo<\/h2>\t\t\t\t<\/div>\n\t\t\t\t<\/div>\n\t\t\t\t<div class=\"elementor-element elementor-element-141742b jltma-glass-effect-no elementor-widget elementor-widget-image\" data-id=\"141742b\" data-element_type=\"widget\" data-e-type=\"widget\" data-widget_type=\"image.default\">\n\t\t\t\t<div class=\"elementor-widget-container\">\n\t\t\t\t\t\t\t\t\t\t\t\t\t\t\t<img fetchpriority=\"high\" decoding=\"async\" width=\"768\" height=\"143\" src=\"https:\/\/fusay.org\/wp-content\/uploads\/2025\/03\/Aval_Fusay-768x143.png\" class=\"attachment-medium_large size-medium_large wp-image-2730\" alt=\"\" srcset=\"https:\/\/fusay.org\/wp-content\/uploads\/2025\/03\/Aval_Fusay-768x143.png 768w, https:\/\/fusay.org\/wp-content\/uploads\/2025\/03\/Aval_Fusay-300x56.png 300w, https:\/\/fusay.org\/wp-content\/uploads\/2025\/03\/Aval_Fusay-1024x191.png 1024w, https:\/\/fusay.org\/wp-content\/uploads\/2025\/03\/Aval_Fusay-1536x286.png 1536w, https:\/\/fusay.org\/wp-content\/uploads\/2025\/03\/Aval_Fusay-18x3.png 18w, https:\/\/fusay.org\/wp-content\/uploads\/2025\/03\/Aval_Fusay.png 1920w\" sizes=\"(max-width: 768px) 100vw, 768px\" \/>\t\t\t\t\t\t\t\t\t\t\t\t\t\t\t<\/div>\n\t\t\t\t<\/div>\n\t\t\t\t\t<\/div>\n\t\t<\/div>\n\t\t\t\t\t<\/div>\n\t\t<\/section>\n\t\t\t\t<\/div>","protected":false},"excerpt":{"rendered":"<p>Proyecto Raymikuna Restableciendo el verdadero sentido de las danzas ancestrales En la Fundaci\u00f3n Salud y Vida Nueva (FUSAY), las danzas son actos sagrados de reconexi\u00f3n con los ciclos de la Tierra y el cosmos. A trav\u00e9s de estas danzas ceremoniales, restablecemos el verdadero sentido espiritual y energ\u00e9tico de cada Raymi, honrando la sabidur\u00eda ancestral de [&hellip;]<\/p>\n","protected":false},"author":1,"featured_media":0,"parent":0,"menu_order":0,"comment_status":"closed","ping_status":"closed","template":"","meta":{"site-sidebar-layout":"no-sidebar","site-content-layout":"page-builder","ast-site-content-layout":"full-width-container","site-content-style":"default","site-sidebar-style":"default","ast-global-header-display":"","ast-banner-title-visibility":"","ast-main-header-display":"","ast-hfb-above-header-display":"","ast-hfb-below-header-display":"","ast-hfb-mobile-header-display":"","site-post-title":"disabled","ast-breadcrumbs-content":"","ast-featured-img":"disabled","footer-sml-layout":"","ast-disable-related-posts":"","theme-transparent-header-meta":"","adv-header-id-meta":"","stick-header-meta":"","header-above-stick-meta":"","header-main-stick-meta":"","header-below-stick-meta":"","astra-migrate-meta-layouts":"default","ast-page-background-enabled":"default","ast-page-background-meta":{"desktop":{"background-color":"var(--ast-global-color-4)","background-image":"","background-repeat":"repeat","background-position":"center center","background-size":"auto","background-attachment":"scroll","background-type":"","background-media":"","overlay-type":"","overlay-color":"","overlay-opacity":"","overlay-gradient":""},"tablet":{"background-color":"","background-image":"","background-repeat":"repeat","background-position":"center center","background-size":"auto","background-attachment":"scroll","background-type":"","background-media":"","overlay-type":"","overlay-color":"","overlay-opacity":"","overlay-gradient":""},"mobile":{"background-color":"","background-image":"","background-repeat":"repeat","background-position":"center center","background-size":"auto","background-attachment":"scroll","background-type":"","background-media":"","overlay-type":"","overlay-color":"","overlay-opacity":"","overlay-gradient":""}},"ast-content-background-meta":{"desktop":{"background-color":"var(--ast-global-color-5)","background-image":"","background-repeat":"repeat","background-position":"center center","background-size":"auto","background-attachment":"scroll","background-type":"","background-media":"","overlay-type":"","overlay-color":"","overlay-opacity":"","overlay-gradient":""},"tablet":{"background-color":"var(--ast-global-color-5)","background-image":"","background-repeat":"repeat","background-position":"center center","background-size":"auto","background-attachment":"scroll","background-type":"","background-media":"","overlay-type":"","overlay-color":"","overlay-opacity":"","overlay-gradient":""},"mobile":{"background-color":"var(--ast-global-color-5)","background-image":"","background-repeat":"repeat","background-position":"center center","background-size":"auto","background-attachment":"scroll","background-type":"","background-media":"","overlay-type":"","overlay-color":"","overlay-opacity":"","overlay-gradient":""}},"footnotes":""},"class_list":["post-1564","page","type-page","status-publish","hentry"],"_links":{"self":[{"href":"https:\/\/fusay.org\/en\/wp-json\/wp\/v2\/pages\/1564","targetHints":{"allow":["GET"]}}],"collection":[{"href":"https:\/\/fusay.org\/en\/wp-json\/wp\/v2\/pages"}],"about":[{"href":"https:\/\/fusay.org\/en\/wp-json\/wp\/v2\/types\/page"}],"author":[{"embeddable":true,"href":"https:\/\/fusay.org\/en\/wp-json\/wp\/v2\/users\/1"}],"replies":[{"embeddable":true,"href":"https:\/\/fusay.org\/en\/wp-json\/wp\/v2\/comments?post=1564"}],"version-history":[{"count":22,"href":"https:\/\/fusay.org\/en\/wp-json\/wp\/v2\/pages\/1564\/revisions"}],"predecessor-version":[{"id":2895,"href":"https:\/\/fusay.org\/en\/wp-json\/wp\/v2\/pages\/1564\/revisions\/2895"}],"wp:attachment":[{"href":"https:\/\/fusay.org\/en\/wp-json\/wp\/v2\/media?parent=1564"}],"curies":[{"name":"wp","href":"https:\/\/api.w.org\/{rel}","templated":true}]}}