{"id":1810,"date":"2023-01-26T12:23:07","date_gmt":"2023-01-26T17:23:07","guid":{"rendered":"https:\/\/fusay.org\/?page_id=1810"},"modified":"2024-09-03T17:09:51","modified_gmt":"2024-09-03T22:09:51","slug":"afiliacion","status":"publish","type":"page","link":"https:\/\/fusay.org\/en\/afiliacion\/","title":{"rendered":"Afiliaci\u00f3n"},"content":{"rendered":"<div data-elementor-type=\"wp-page\" data-elementor-id=\"1810\" class=\"elementor elementor-1810\">\n\t\t\t\t\t\t<section class=\"elementor-section elementor-top-section elementor-element elementor-element-a32213e elementor-section-boxed elementor-section-height-default elementor-section-height-default jltma-glass-effect-no\" data-id=\"a32213e\" data-element_type=\"section\" data-e-type=\"section\">\n\t\t\t\t\t\t<div class=\"elementor-container elementor-column-gap-default\">\n\t\t\t\t\t<div class=\"elementor-column elementor-col-100 elementor-top-column elementor-element elementor-element-0c04276 jltma-glass-effect-no\" data-id=\"0c04276\" data-element_type=\"column\" data-e-type=\"column\">\n\t\t\t<div class=\"elementor-widget-wrap elementor-element-populated\">\n\t\t\t\t\t\t<div class=\"elementor-element elementor-element-bed884e jltma-glass-effect-no elementor-widget elementor-widget-spacer\" data-id=\"bed884e\" data-element_type=\"widget\" data-e-type=\"widget\" data-widget_type=\"spacer.default\">\n\t\t\t\t<div class=\"elementor-widget-container\">\n\t\t\t\t\t\t\t<div class=\"elementor-spacer\">\n\t\t\t<div class=\"elementor-spacer-inner\"><\/div>\n\t\t<\/div>\n\t\t\t\t\t\t<\/div>\n\t\t\t\t<\/div>\n\t\t\t\t<div class=\"elementor-element elementor-element-c6ef766 jltma-glass-effect-no elementor-widget elementor-widget-heading\" data-id=\"c6ef766\" data-element_type=\"widget\" data-e-type=\"widget\" data-widget_type=\"heading.default\">\n\t\t\t\t<div class=\"elementor-widget-container\">\n\t\t\t\t\t<h2 class=\"elementor-heading-title elementor-size-default\">Camino del Taita y la Mama<\/h2>\t\t\t\t<\/div>\n\t\t\t\t<\/div>\n\t\t\t\t<div class=\"elementor-element elementor-element-f778c77 jltma-glass-effect-no elementor-widget elementor-widget-spacer\" data-id=\"f778c77\" data-element_type=\"widget\" data-e-type=\"widget\" data-widget_type=\"spacer.default\">\n\t\t\t\t<div class=\"elementor-widget-container\">\n\t\t\t\t\t\t\t<div class=\"elementor-spacer\">\n\t\t\t<div class=\"elementor-spacer-inner\"><\/div>\n\t\t<\/div>\n\t\t\t\t\t\t<\/div>\n\t\t\t\t<\/div>\n\t\t\t\t<div class=\"elementor-element elementor-element-23cc994 elementor-tabs-view-horizontal jltma-glass-effect-no elementor-widget elementor-widget-tabs\" data-id=\"23cc994\" data-element_type=\"widget\" data-e-type=\"widget\" data-widget_type=\"tabs.default\">\n\t\t\t\t<div class=\"elementor-widget-container\">\n\t\t\t\t\t\t\t<div class=\"elementor-tabs\">\n\t\t\t<div class=\"elementor-tabs-wrapper\" role=\"tablist\" >\n\t\t\t\t\t\t\t\t\t<div id=\"elementor-tab-title-3751\" class=\"elementor-tab-title elementor-tab-desktop-title\" aria-selected=\"true\" data-tab=\"1\" role=\"tab\" tabindex=\"0\" aria-controls=\"elementor-tab-content-3751\" aria-expanded=\"false\">Proceso<\/div>\n\t\t\t\t\t\t\t\t\t<div id=\"elementor-tab-title-3752\" class=\"elementor-tab-title elementor-tab-desktop-title\" aria-selected=\"false\" data-tab=\"2\" role=\"tab\" tabindex=\"-1\" aria-controls=\"elementor-tab-content-3752\" aria-expanded=\"false\">Aprendices<\/div>\n\t\t\t\t\t\t\t\t\t<div id=\"elementor-tab-title-3753\" class=\"elementor-tab-title elementor-tab-desktop-title\" aria-selected=\"false\" data-tab=\"3\" role=\"tab\" tabindex=\"-1\" aria-controls=\"elementor-tab-content-3753\" aria-expanded=\"false\">Socio Honorario<\/div>\n\t\t\t\t\t\t\t<\/div>\n\t\t\t<div class=\"elementor-tabs-content-wrapper\" role=\"tablist\" aria-orientation=\"vertical\">\n\t\t\t\t\t\t\t\t\t<div class=\"elementor-tab-title elementor-tab-mobile-title\" aria-selected=\"true\" data-tab=\"1\" role=\"tab\" tabindex=\"0\" aria-controls=\"elementor-tab-content-3751\" aria-expanded=\"false\">Proceso<\/div>\n\t\t\t\t\t<div id=\"elementor-tab-content-3751\" class=\"elementor-tab-content elementor-clearfix\" data-tab=\"1\" role=\"tabpanel\" aria-labelledby=\"elementor-tab-title-3751\" tabindex=\"0\" hidden=\"false\"><h5>El camino del Taita consta de 4 etapas que giran entorno a como se mueve la energ\u00eda, de manera circular. Es decir, es un ciclo infinito.<\/h5><h5><strong>El prop\u00f3sito y nacimiento (tierra) (dos a\u00f1os)<\/strong><\/h5><h5>Esta primera etapa permite al guerrero descubrir que est\u00e1 enfermo y que debe\u00a0 curarse para cambiar su forma actual de vida.<\/h5><h5><strong>El crecimiento, los miedos y egos (agua) (dos a\u00f1os)<\/strong><\/h5><h5>Es el momento de la equivocaci\u00f3n, de la espontaneidad, del ensayo y error. Es decir, el aspirante aprender\u00e1 a manejar los elementos (tierra, agua, fuego, aire)<\/h5><h5><strong>La adultez y la prueba (fuego) (dos a\u00f1os)<\/strong><\/h5><h5>Es la etapa en la que el aspirante de curandero aprende a manejar la medicina y a relacionarse con ella a trav\u00e9s de su preparaci\u00f3n. Por otro lado, aprende tambi\u00e9n los cantos e \u00edcaros sagrados (pasados por el taita y la mama),<\/h5><h5><strong>Agradecimiento y la muerte (dos a\u00f1os)<\/strong><\/h5><h5>Se le permite ya al aprendiz sentarse en la puerta del oeste, en donde moran los ancestros, su ejemplo y sabidur\u00eda siempre son tra\u00eddos a la ceremonia por eso es el camino de la muerte.<\/h5><h5><span style=\"color: #008080;\"><a style=\"color: #008080;\" href=\"https:\/\/drive.google.com\/file\/d\/1HCARc-JrouF1gjrxUHafOl9xPGR4UofO\/view?usp=sharing\" target=\"_blank\" rel=\"noopener\"><em><strong><span style=\"text-decoration: underline;\">Link &#8211; Ver documento Completo<\/span> <\/strong><\/em><\/a><\/span><\/h5><\/div>\n\t\t\t\t\t\t\t\t\t<div class=\"elementor-tab-title elementor-tab-mobile-title\" aria-selected=\"false\" data-tab=\"2\" role=\"tab\" tabindex=\"-1\" aria-controls=\"elementor-tab-content-3752\" aria-expanded=\"false\">Aprendices<\/div>\n\t\t\t\t\t<div id=\"elementor-tab-content-3752\" class=\"elementor-tab-content elementor-clearfix\" data-tab=\"2\" role=\"tabpanel\" aria-labelledby=\"elementor-tab-title-3752\" tabindex=\"0\" hidden=\"hidden\"><h5>Todas las personas naturales pueden formar parte de la fundaci\u00f3n en calidad de aprendices y socios honorarios una vez culminado el proceso de formaci\u00f3n. Este es un proceso indispensable para las personas que quieren y han decidido ser aprendices del <strong>CAMINO DEL TAITA Y LA MAMA.<\/strong>\u00a0<\/h5><h5>Una vez entregada la documentaci\u00f3n necesaria y aprobada su solicitud por el <strong>Ministerio de Salud Publica del Ecuador,<\/strong>\u00a0por el <strong>Comit\u00e9 Evaluador de la Fundaci\u00f3n <\/strong>y los<strong> Miembros del Consejo Ancestral,<\/strong> ser\u00e1n considerados oficialmente aprendices del Camino del Taita y la Mama, por ende pueden acceder\u00a0 a todos los beneficios y responsabilidades de la Fundaci\u00f3n:<\/h5><h5>&#8211; Costo de ticket de atenci\u00f3n, gratuito en nuestras instalaciones.<\/h5><h5>&#8211; Acceder y formar parte de la asamblea para reuniones de desarrollo de proyectos y entrega de informes econ\u00f3micos de todas las actividades que realice nuestra fundaci\u00f3n<\/h5><h5>&#8211; Costo preferencial en Ceremonias, Danzas y eventos que el Consejo as\u00ed lo determine.<\/h5><h5>&#8211; Certificados oficiales de nuestra instituci\u00f3n de acuerdo a su proceso formativo.<\/h5><h5>&#8211; Puede llegar a ser socio honorario de la Fundaci\u00f3n una vez finalice la etapa de formaci\u00f3n.<\/h5><h4><strong>\u00bfQu\u00e9 tienes que entregar?<\/strong><\/h4><h6><strong>\u00a0 1. Parte Administrativa:<\/strong><\/h6><h5>&#8211; Solicitud llenada y firmada, dirigida al presidente actual de la Fundaci\u00f3n (<a href=\"https:\/\/fusay.org\/wp-content\/uploads\/2024\/06\/Solicitud-Proceso-de-Formacion_Fusay.docx\" target=\"_blank\" rel=\"noopener\">Descargar Solicitud<\/a>)<\/h5><h5>&#8211; Copia a color de la C\u00e9dula de Identidad<\/h5><h5>&#8211; Copia del Certificado de Votaci\u00f3n<\/h5><h5>&#8211; Costo de inscripci\u00f3n $25.00 | Adjuntar el comprobante de pago<\/h5><h5>Toda la documentaci\u00f3n enviar a los correos:\u00a0 <strong>efrain.japon@gmail.com<\/strong> (Secretario) y <strong>admin@fusay.org<\/strong> (Administraci\u00f3n)<\/h5><h6><strong>\u00a02. Parte Ceremonial:<\/strong><\/h6><h5>&#8211; Entregar una bolsa de tabaco a los taitas y mamas que sostienen este trabajo en las ceremonias planificadas mensualmente<\/h5><h4><strong>Las obligaciones que debes cumplir, si llegas a ser parte de la Escuela<\/strong><\/h4><h5>&#8211; Cumplir con el Juramento Hipocr\u00e1tico y C\u00f3digo de convivencia de la Escuela de Formaci\u00f3n.\u00a0<\/h5><h5>&#8211; Pago mensual de $2.00 d\u00f3lares o pago anual de $24.00 d\u00f3lares | <span style=\"color: #999999;\">env\u00edar comprobante de pago al wsp +593 98 368 1329 (Ing. Manuel Jap\u00f3n &#8211; Secretario)<\/span><\/h5><h5>&#8211; Participar en las actividades organizadas por la Escuela de Formaci\u00f3n.<\/h5><h6><strong>Importante:<\/strong><\/h6><h6>&#8211; El incumplimiento de las normas y actividades impuestas por el Consejo Ancestral o El Comit\u00e9 evaluador de la Fundaci\u00f3n es causa suficiente para ser expulsados de la Escuela de Formaci\u00f3n y podr\u00e1n participar \u00fanicamente como pacientes.<\/h6><h6>&#8211; El pago mensual de los $2,00 d\u00f3lares inicia desde el mes que hago la entrega de los documentos.<\/h6><\/div>\n\t\t\t\t\t\t\t\t\t<div class=\"elementor-tab-title elementor-tab-mobile-title\" aria-selected=\"false\" data-tab=\"3\" role=\"tab\" tabindex=\"-1\" aria-controls=\"elementor-tab-content-3753\" aria-expanded=\"false\">Socio Honorario<\/div>\n\t\t\t\t\t<div id=\"elementor-tab-content-3753\" class=\"elementor-tab-content elementor-clearfix\" data-tab=\"3\" role=\"tabpanel\" aria-labelledby=\"elementor-tab-title-3753\" tabindex=\"0\" hidden=\"hidden\"><h5>Solo las personas que hayan culminado el proceso de Formaci\u00f3n del Camino del Taita y la Mama pueden formar parte de la fundaci\u00f3n en calidad de socios honorarios.\u00a0<\/h5><h5>Una vez entregada la documentaci\u00f3n necesaria y aprobada su solicitud por el <strong>Ministerio de Salud Publica del Ecuador,<\/strong>\u00a0por el <strong>Comit\u00e9 Evaluador de la Fundaci\u00f3n <\/strong>y los<strong> Miembros del Consejo Ancestral,<\/strong> ser\u00e1n considerados oficialmente Socios Honorarios, por ende pueden acceder\u00a0 a todos los beneficios y responsabilidades de la Fundaci\u00f3n:<\/h5><h5>&#8211; Costo de ticket de atenci\u00f3n, gratuito en nuestras instalaciones.<\/h5><h5>&#8211; Acceder y formar parte de la asamblea para reuniones de desarrollo de proyectos y entrega de informes econ\u00f3micos de todas las actividades que realice nuestra fundaci\u00f3n<\/h5><h5>&#8211; Certificados oficiales de nuestra instituci\u00f3n que amparan su trabajo en el campo de la medicina ancestral<\/h5><h4><strong>\u00bfQu\u00e9 tienes que entregar?<\/strong><\/h4><h5>&#8211; Solicitud llenada y firmada, dirigida al presidente actual de la Fundaci\u00f3n (<a href=\"https:\/\/fusay.org\/wp-content\/uploads\/2023\/07\/Solicitud-Socio-Honorario_Fusay.docx\" target=\"_blank\" rel=\"noopener\">Descargar Solicitud<\/a>)<\/h5><h5>&#8211; Copia a color de la C\u00e9dula de Identidad y pasaporte (para extranjeros)<\/h5><h5>&#8211; Costo de inscripci\u00f3n $80.00 | Adjuntar el comprobante de pago o env\u00edo\u00a0<\/h5><h5>Toda la documentaci\u00f3n enviar a los correos:\u00a0 <strong>efrain.japon@gmail.com<\/strong> (Secretario) y <strong>admin@fusay.org<\/strong> (Administraci\u00f3n)<\/h5><h4><strong>Las obligaciones que debes cumplir:<\/strong><\/h4><h5>&#8211; Cumplir con el Juramento Hipocr\u00e1tico y C\u00f3digo de convivencia de la Escuela de Formaci\u00f3n.\u00a0<\/h5><h5>&#8211; Pago de membres\u00eda mensual de $15.00 d\u00f3lares o pago anual de $180.00 d\u00f3lares<\/h5><h5><span style=\"color: #999999;\">env\u00edar comprobante de pago al wsp +593 98 368 1329 (Ing. Manuel Jap\u00f3n &#8211; Secretario)<\/span><\/h5><h5>&#8211; Participar en las actividades organizadas por la Escuela de Formaci\u00f3n.<\/h5><h6><strong>Importante:<\/strong><\/h6><h6>&#8211; El incumplimiento de las normas y actividades impuestas por el Consejo Ancestral o El Comit\u00e9 evaluador de la Fundaci\u00f3n es causa suficiente para ser desafiliados como socios honorarios y podr\u00e1n participar \u00fanicamente como pacientes.<\/h6><h6>&#8211; El pago mensual de los $15,00 d\u00f3lares inicia desde el mes que hago la entrega de los documentos.<\/h6><\/div>\n\t\t\t\t\t\t\t<\/div>\n\t\t<\/div>\n\t\t\t\t\t\t<\/div>\n\t\t\t\t<\/div>\n\t\t\t\t<div class=\"elementor-element elementor-element-7f4eb13 jltma-glass-effect-no elementor-widget elementor-widget-accordion\" data-id=\"7f4eb13\" data-element_type=\"widget\" data-e-type=\"widget\" data-widget_type=\"accordion.default\">\n\t\t\t\t<div class=\"elementor-widget-container\">\n\t\t\t\t\t\t\t<div class=\"elementor-accordion\">\n\t\t\t\t\t\t\t<div class=\"elementor-accordion-item\">\n\t\t\t\t\t<div id=\"elementor-tab-title-1331\" class=\"elementor-tab-title\" data-tab=\"1\" role=\"button\" aria-controls=\"elementor-tab-content-1331\" aria-expanded=\"false\">\n\t\t\t\t\t\t\t\t\t\t\t\t\t<span class=\"elementor-accordion-icon elementor-accordion-icon-left\" aria-hidden=\"true\">\n\t\t\t\t\t\t\t\t\t\t\t\t\t\t\t<span class=\"elementor-accordion-icon-closed\"><i class=\"fas fa-plus\"><\/i><\/span>\n\t\t\t\t\t\t\t\t<span class=\"elementor-accordion-icon-opened\"><i class=\"fas fa-minus\"><\/i><\/span>\n\t\t\t\t\t\t\t\t\t\t\t\t\t\t<\/span>\n\t\t\t\t\t\t\t\t\t\t\t\t<a class=\"elementor-accordion-title\" tabindex=\"0\">Informaci\u00f3n para realizar tus pagos<\/a>\n\t\t\t\t\t<\/div>\n\t\t\t\t\t<div id=\"elementor-tab-content-1331\" class=\"elementor-tab-content elementor-clearfix\" data-tab=\"1\" role=\"region\" aria-labelledby=\"elementor-tab-title-1331\"><h6>Cooperativa de Ahorro y Cr\u00e9dito JEP\u00a0<\/h6><h6><strong>Cuenta de Ahorro:<\/strong> 406166388500<\/h6><h6><strong>C\u00e9dula:<\/strong> 1101797395<\/h6><h6><strong>Nombre:<\/strong> Mar\u00eda Delfina Gual\u00e1n Lozano (Tesorera)<\/h6><h6><strong>Correo:<\/strong> efrain.japon@gmail.com<\/h6><\/div>\n\t\t\t\t<\/div>\n\t\t\t\t\t\t\t<div class=\"elementor-accordion-item\">\n\t\t\t\t\t<div id=\"elementor-tab-title-1332\" class=\"elementor-tab-title\" data-tab=\"2\" role=\"button\" aria-controls=\"elementor-tab-content-1332\" aria-expanded=\"false\">\n\t\t\t\t\t\t\t\t\t\t\t\t\t<span class=\"elementor-accordion-icon elementor-accordion-icon-left\" aria-hidden=\"true\">\n\t\t\t\t\t\t\t\t\t\t\t\t\t\t\t<span class=\"elementor-accordion-icon-closed\"><i class=\"fas fa-plus\"><\/i><\/span>\n\t\t\t\t\t\t\t\t<span class=\"elementor-accordion-icon-opened\"><i class=\"fas fa-minus\"><\/i><\/span>\n\t\t\t\t\t\t\t\t\t\t\t\t\t\t<\/span>\n\t\t\t\t\t\t\t\t\t\t\t\t<a class=\"elementor-accordion-title\" tabindex=\"0\">Informaci\u00f3n para hacer tus env\u00edos (Extranjeros)<\/a>\n\t\t\t\t\t<\/div>\n\t\t\t\t\t<div id=\"elementor-tab-content-1332\" class=\"elementor-tab-content elementor-clearfix\" data-tab=\"2\" role=\"region\" aria-labelledby=\"elementor-tab-title-1332\"><h5>Datos de la persona beneficiaria para el env\u00edo de dinero<\/h5><h5><strong>NOMBRES:<\/strong> Luis Eduardo Guam\u00e1n Poma<\/h5><h5><strong>DIRECCI\u00d3N:<\/strong> Saraguro &#8211; Loja &#8211; Ecuador<\/h5><h5><strong>C\u00c9DULA ID:<\/strong> 1105161770<\/h5><h5><strong>CORREO:<\/strong> luisguaman.info@gmail.com<\/h5><h5><strong>CONTACTO: <\/strong>+593 985039009 (Enviar comprobante a este wsp)<\/h5><\/div>\n\t\t\t\t<\/div>\n\t\t\t\t\t\t\t\t<\/div>\n\t\t\t\t\t\t<\/div>\n\t\t\t\t<\/div>\n\t\t\t\t\t<\/div>\n\t\t<\/div>\n\t\t\t\t\t<\/div>\n\t\t<\/section>\n\t\t\t\t<section class=\"elementor-section elementor-top-section elementor-element elementor-element-b6b4a9c elementor-section-boxed elementor-section-height-default elementor-section-height-default jltma-glass-effect-no\" data-id=\"b6b4a9c\" data-element_type=\"section\" data-e-type=\"section\">\n\t\t\t\t\t\t<div class=\"elementor-container elementor-column-gap-default\">\n\t\t\t\t\t<div class=\"elementor-column elementor-col-50 elementor-top-column elementor-element elementor-element-0d26cb3 jltma-glass-effect-no\" data-id=\"0d26cb3\" data-element_type=\"column\" data-e-type=\"column\">\n\t\t\t<div class=\"elementor-widget-wrap elementor-element-populated\">\n\t\t\t\t\t\t<div class=\"elementor-element elementor-element-d916cf2 jltma-glass-effect-no elementor-widget elementor-widget-counter\" data-id=\"d916cf2\" data-element_type=\"widget\" data-e-type=\"widget\" data-widget_type=\"counter.default\">\n\t\t\t\t<div class=\"elementor-widget-container\">\n\t\t\t\t\t\t\t<div class=\"elementor-counter\">\n\t\t\t<div class=\"elementor-counter-title\">Ya somos<\/div>\t\t\t<div class=\"elementor-counter-number-wrapper\">\n\t\t\t\t<span class=\"elementor-counter-number-prefix\"><\/span>\n\t\t\t\t<span class=\"elementor-counter-number\" data-duration=\"2000\" data-to-value=\"35\" data-from-value=\"0\" data-delimiter=\",\">0<\/span>\n\t\t\t\t<span class=\"elementor-counter-number-suffix\"><\/span>\n\t\t\t<\/div>\n\t\t<\/div>\n\t\t\t\t\t\t<\/div>\n\t\t\t\t<\/div>\n\t\t\t\t\t<\/div>\n\t\t<\/div>\n\t\t\t\t<div class=\"elementor-column elementor-col-50 elementor-top-column elementor-element elementor-element-eb4c1aa jltma-glass-effect-no\" data-id=\"eb4c1aa\" data-element_type=\"column\" data-e-type=\"column\">\n\t\t\t<div class=\"elementor-widget-wrap elementor-element-populated\">\n\t\t\t\t\t\t<div class=\"elementor-element elementor-element-522d22b jltma-glass-effect-no elementor-widget elementor-widget-spacer\" data-id=\"522d22b\" data-element_type=\"widget\" data-e-type=\"widget\" data-widget_type=\"spacer.default\">\n\t\t\t\t<div class=\"elementor-widget-container\">\n\t\t\t\t\t\t\t<div class=\"elementor-spacer\">\n\t\t\t<div class=\"elementor-spacer-inner\"><\/div>\n\t\t<\/div>\n\t\t\t\t\t\t<\/div>\n\t\t\t\t<\/div>\n\t\t\t\t<div class=\"elementor-element elementor-element-d8851a2 jltma-glass-effect-no elementor-widget elementor-widget-ma-headlines jltma-addon ma-headlines\" data-id=\"d8851a2\" data-element_type=\"widget\" data-e-type=\"widget\" data-settings=\"{&quot;bar_anim_delay&quot;:3800,&quot;jltma_headlines_loading_bar_height&quot;:3}\" data-widget_type=\"ma-headlines.default\">\n\t\t\t\t<div class=\"elementor-widget-container\">\n\t\t\t\t\t\t\t<div id=\"jltma-heading-d8851a2\" class=\"jltma-animated-heading\">\n\t\t\t<div class=\"jltma-animated-heading-wrapper\">\n\t\t\t\t<h3 class=\"jltma-animated-heading-title jltma-animated-headline  loading-bar main-title\" id=\"jltma-animated-heading-d8851a2\">\n\t\t\t\t\t<span class=\"first-heading\">\n\t\t\t\t\t\tBienvenidos\t\t\t\t\t<\/span>\n\t\t\t\t\t<span class=\"jltma-words-wrapper\">\n\t\t\t\t\t\t\t\t\t\t\t\t\t<b class=\"second-heading is-visible\">\n\t\t\t\t\t\t\t\ta este nuevo proceso\t\t\t\t\t\t\t<\/b>\n\t\t\t\t\t\t\t\t\t\t\t\t\t<b class=\"second-heading\">\n\t\t\t\t\t\t\t\ta despertar su conciencia\t\t\t\t\t\t\t<\/b>\n\t\t\t\t\t\t\t\t\t\t\t\t\t<b class=\"second-heading\">\n\t\t\t\t\t\t\t\tal Camino del Taita y la Mama\t\t\t\t\t\t\t<\/b>\n\t\t\t\t\t\t\t\t\t\t\t<\/span>\n\t\t\t\t<\/h3>\n\t\t\t<\/div>\n\t\t<\/div>\n\n\t\t\t\t<\/div>\n\t\t\t\t<\/div>\n\t\t\t\t\t<\/div>\n\t\t<\/div>\n\t\t\t\t\t<\/div>\n\t\t<\/section>\n\t\t\t\t<\/div>","protected":false},"excerpt":{"rendered":"<p>Camino del Taita y la Mama Proceso Aprendices Socio Honorario Proceso El camino del Taita consta de 4 etapas que giran entorno a como se mueve la energ\u00eda, de manera circular. Es decir, es un ciclo infinito. El prop\u00f3sito y nacimiento (tierra) (dos a\u00f1os) Esta primera etapa permite al guerrero descubrir que est\u00e1 enfermo y [&hellip;]<\/p>\n","protected":false},"author":1,"featured_media":0,"parent":0,"menu_order":0,"comment_status":"closed","ping_status":"closed","template":"","meta":{"site-sidebar-layout":"default","site-content-layout":"","ast-site-content-layout":"default","site-content-style":"default","site-sidebar-style":"default","ast-global-header-display":"","ast-banner-title-visibility":"","ast-main-header-display":"","ast-hfb-above-header-display":"","ast-hfb-below-header-display":"","ast-hfb-mobile-header-display":"","site-post-title":"","ast-breadcrumbs-content":"","ast-featured-img":"","footer-sml-layout":"","ast-disable-related-posts":"","theme-transparent-header-meta":"","adv-header-id-meta":"","stick-header-meta":"","header-above-stick-meta":"","header-main-stick-meta":"","header-below-stick-meta":"","astra-migrate-meta-layouts":"default","ast-page-background-enabled":"default","ast-page-background-meta":{"desktop":{"background-color":"var(--ast-global-color-4)","background-image":"","background-repeat":"repeat","background-position":"center center","background-size":"auto","background-attachment":"scroll","background-type":"","background-media":"","overlay-type":"","overlay-color":"","overlay-opacity":"","overlay-gradient":""},"tablet":{"background-color":"","background-image":"","background-repeat":"repeat","background-position":"center center","background-size":"auto","background-attachment":"scroll","background-type":"","background-media":"","overlay-type":"","overlay-color":"","overlay-opacity":"","overlay-gradient":""},"mobile":{"background-color":"","background-image":"","background-repeat":"repeat","background-position":"center center","background-size":"auto","background-attachment":"scroll","background-type":"","background-media":"","overlay-type":"","overlay-color":"","overlay-opacity":"","overlay-gradient":""}},"ast-content-background-meta":{"desktop":{"background-color":"var(--ast-global-color-5)","background-image":"","background-repeat":"repeat","background-position":"center center","background-size":"auto","background-attachment":"scroll","background-type":"","background-media":"","overlay-type":"","overlay-color":"","overlay-opacity":"","overlay-gradient":""},"tablet":{"background-color":"var(--ast-global-color-5)","background-image":"","background-repeat":"repeat","background-position":"center center","background-size":"auto","background-attachment":"scroll","background-type":"","background-media":"","overlay-type":"","overlay-color":"","overlay-opacity":"","overlay-gradient":""},"mobile":{"background-color":"var(--ast-global-color-5)","background-image":"","background-repeat":"repeat","background-position":"center center","background-size":"auto","background-attachment":"scroll","background-type":"","background-media":"","overlay-type":"","overlay-color":"","overlay-opacity":"","overlay-gradient":""}},"footnotes":""},"class_list":["post-1810","page","type-page","status-publish","hentry"],"_links":{"self":[{"href":"https:\/\/fusay.org\/en\/wp-json\/wp\/v2\/pages\/1810","targetHints":{"allow":["GET"]}}],"collection":[{"href":"https:\/\/fusay.org\/en\/wp-json\/wp\/v2\/pages"}],"about":[{"href":"https:\/\/fusay.org\/en\/wp-json\/wp\/v2\/types\/page"}],"author":[{"embeddable":true,"href":"https:\/\/fusay.org\/en\/wp-json\/wp\/v2\/users\/1"}],"replies":[{"embeddable":true,"href":"https:\/\/fusay.org\/en\/wp-json\/wp\/v2\/comments?post=1810"}],"version-history":[{"count":95,"href":"https:\/\/fusay.org\/en\/wp-json\/wp\/v2\/pages\/1810\/revisions"}],"predecessor-version":[{"id":2556,"href":"https:\/\/fusay.org\/en\/wp-json\/wp\/v2\/pages\/1810\/revisions\/2556"}],"wp:attachment":[{"href":"https:\/\/fusay.org\/en\/wp-json\/wp\/v2\/media?parent=1810"}],"curies":[{"name":"wp","href":"https:\/\/api.w.org\/{rel}","templated":true}]}}