{"id":533,"date":"2022-06-16T17:54:19","date_gmt":"2022-06-16T22:54:19","guid":{"rendered":"https:\/\/fusay.org\/?page_id=533"},"modified":"2025-02-27T11:00:46","modified_gmt":"2025-02-27T16:00:46","slug":"ceremonias","status":"publish","type":"page","link":"https:\/\/fusay.org\/en\/ceremonias\/","title":{"rendered":"Ceremonias"},"content":{"rendered":"<div data-elementor-type=\"wp-page\" data-elementor-id=\"533\" class=\"elementor elementor-533\">\n\t\t\t\t\t\t<section class=\"elementor-section elementor-top-section elementor-element elementor-element-3c9affb elementor-section-boxed elementor-section-height-default elementor-section-height-default jltma-glass-effect-no\" data-id=\"3c9affb\" data-element_type=\"section\" data-e-type=\"section\">\n\t\t\t\t\t\t<div class=\"elementor-container elementor-column-gap-default\">\n\t\t\t\t\t<div class=\"elementor-column elementor-col-100 elementor-top-column elementor-element elementor-element-092092f jltma-glass-effect-no\" data-id=\"092092f\" data-element_type=\"column\" data-e-type=\"column\">\n\t\t\t<div class=\"elementor-widget-wrap elementor-element-populated\">\n\t\t\t\t\t\t<div class=\"elementor-element elementor-element-750f659 jltma-glass-effect-no elementor-widget elementor-widget-heading\" data-id=\"750f659\" data-element_type=\"widget\" data-e-type=\"widget\" data-widget_type=\"heading.default\">\n\t\t\t\t<div class=\"elementor-widget-container\">\n\t\t\t\t\t<h2 class=\"elementor-heading-title elementor-size-default\">Cronograma de Ceremonias, Danzas y B\u00fasqueda de Visi\u00f3n 2025<\/h2>\t\t\t\t<\/div>\n\t\t\t\t<\/div>\n\t\t\t\t\t<\/div>\n\t\t<\/div>\n\t\t\t\t\t<\/div>\n\t\t<\/section>\n\t\t\t\t<section class=\"elementor-section elementor-top-section elementor-element elementor-element-8d56f5a elementor-section-boxed elementor-section-height-default elementor-section-height-default jltma-glass-effect-no\" data-id=\"8d56f5a\" data-element_type=\"section\" data-e-type=\"section\">\n\t\t\t\t\t\t<div class=\"elementor-container elementor-column-gap-default\">\n\t\t\t\t\t<div class=\"elementor-column elementor-col-100 elementor-top-column elementor-element elementor-element-47d88ba jltma-glass-effect-no\" data-id=\"47d88ba\" data-element_type=\"column\" data-e-type=\"column\">\n\t\t\t<div class=\"elementor-widget-wrap elementor-element-populated\">\n\t\t\t\t\t\t<div class=\"elementor-element elementor-element-452ab6b jltma-glass-effect-no elementor-widget elementor-widget-image\" data-id=\"452ab6b\" data-element_type=\"widget\" data-e-type=\"widget\" data-widget_type=\"image.default\">\n\t\t\t\t<div class=\"elementor-widget-container\">\n\t\t\t\t\t\t\t\t\t\t\t\t\t\t\t<img fetchpriority=\"high\" decoding=\"async\" width=\"768\" height=\"513\" src=\"https:\/\/fusay.org\/wp-content\/uploads\/2022\/03\/cascada-768x513.png\" class=\"attachment-medium_large size-medium_large wp-image-340\" alt=\"\" srcset=\"https:\/\/fusay.org\/wp-content\/uploads\/2022\/03\/cascada-768x513.png 768w, https:\/\/fusay.org\/wp-content\/uploads\/2022\/03\/cascada-300x200.png 300w, https:\/\/fusay.org\/wp-content\/uploads\/2022\/03\/cascada-1024x684.png 1024w, https:\/\/fusay.org\/wp-content\/uploads\/2022\/03\/cascada.png 1417w\" sizes=\"(max-width: 768px) 100vw, 768px\" \/>\t\t\t\t\t\t\t\t\t\t\t\t\t\t\t<\/div>\n\t\t\t\t<\/div>\n\t\t\t\t\t<\/div>\n\t\t<\/div>\n\t\t\t\t\t<\/div>\n\t\t<\/section>\n\t\t\t\t<section class=\"elementor-section elementor-top-section elementor-element elementor-element-c64a120 elementor-section-boxed elementor-section-height-default elementor-section-height-default jltma-glass-effect-no\" data-id=\"c64a120\" data-element_type=\"section\" data-e-type=\"section\">\n\t\t\t\t\t\t<div class=\"elementor-container elementor-column-gap-default\">\n\t\t\t\t\t<div class=\"elementor-column elementor-col-100 elementor-top-column elementor-element elementor-element-0f55851 jltma-glass-effect-no\" data-id=\"0f55851\" data-element_type=\"column\" data-e-type=\"column\">\n\t\t\t<div class=\"elementor-widget-wrap elementor-element-populated\">\n\t\t\t\t\t\t<div class=\"elementor-element elementor-element-253fc6c jltma-glass-effect-no elementor-widget elementor-widget-eael-adv-tabs\" data-id=\"253fc6c\" data-element_type=\"widget\" data-e-type=\"widget\" data-widget_type=\"eael-adv-tabs.default\">\n\t\t\t\t<div class=\"elementor-widget-container\">\n\t\t\t\t\t        <div data-scroll-on-click=\"no\" data-scroll-speed=\"300\" id=\"eael-advance-tabs-253fc6c\" class=\"eael-advance-tabs eael-tabs-horizontal eael-tab-auto-active\" data-tabid=\"253fc6c\">\n            <div class=\"eael-tabs-nav\">\n                <ul class=\"eael-tab-inline-icon\" role=\"tablist\">\n                                            <li id=\"saraguro\" class=\"active-default eael-tab-item-trigger eael-tab-nav-item\" aria-selected=\"true\" data-tab=\"1\" role=\"tab\" tabindex=\"0\" aria-controls=\"saraguro-tab\" aria-expanded=\"false\">\n                            \n                                                                <i class=\"fas fa-home\"><\/i>                                                            \n                                                            <span class=\"eael-tab-title title-after-icon\" >SARAGURO<\/span>                            \n                                                    <\/li>\n                                            <li id=\"cuenca\" class=\"inactive eael-tab-item-trigger eael-tab-nav-item\" aria-selected=\"false\" data-tab=\"2\" role=\"tab\" tabindex=\"-1\" aria-controls=\"cuenca-tab\" aria-expanded=\"false\">\n                            \n                                                                <i class=\"fas fa-home\"><\/i>                                                            \n                                                            <span class=\"eael-tab-title title-after-icon\" >CUENCA<\/span>                            \n                                                    <\/li>\n                                            <li id=\"puglla-washa\" class=\"inactive eael-tab-item-trigger eael-tab-nav-item\" aria-selected=\"false\" data-tab=\"3\" role=\"tab\" tabindex=\"-1\" aria-controls=\"puglla-washa-tab\" aria-expanded=\"false\">\n                            \n                                                                <i class=\"fas fa-home\"><\/i>                                                            \n                                                            <span class=\"eael-tab-title title-after-icon\" >PUGLLA WASHA<\/span>                            \n                                                    <\/li>\n                                            <li id=\"otros-paises\" class=\"inactive eael-tab-item-trigger eael-tab-nav-item\" aria-selected=\"false\" data-tab=\"4\" role=\"tab\" tabindex=\"-1\" aria-controls=\"otros-paises-tab\" aria-expanded=\"false\">\n                            \n                                                                <i class=\"fas fa-home\"><\/i>                                                            \n                                                            <span class=\"eael-tab-title title-after-icon\" >OTROS PAISES<\/span>                            \n                                                    <\/li>\n                    \n                                  <\/ul>\n            <\/div>\n            \n            <div class=\"eael-tabs-content\">\n\t\t        \n                    <div id=\"saraguro-tab\" class=\"clearfix eael-tab-content-item active-default\" data-title-link=\"saraguro-tab\">\n\t\t\t\t        <p><strong>Ceremonias de Curaci\u00f3n 2025<\/strong><\/p><p>S\u00c1BADO:<\/p><p>Hora de Inicio: 19H00<\/p><p>\u00a0<\/p>                    <\/div>\n\t\t        \n                    <div id=\"cuenca-tab\" class=\"clearfix eael-tab-content-item inactive\" data-title-link=\"cuenca-tab\">\n\t\t\t\t        <p><strong>Ceremonias de Curaci\u00f3n<\/strong><\/p><p>S\u00c1BADO:<\/p><p>Hora de Inicio: 19H00<\/p><p>&#8211; 28 de marzo 2025<\/p>                    <\/div>\n\t\t        \n                    <div id=\"puglla-washa-tab\" class=\"clearfix eael-tab-content-item inactive\" data-title-link=\"puglla-washa-tab\">\n\t\t\t\t        <p>&#8211; S\u00e1bado 22 de Marzo 2025 <strong>Pawkar Raymi <\/strong>&#8211; Sisakun \u00d1an (El Florecer del Camino)<\/p><p>&#8211; S\u00e1bado 21 de junio 2025 <strong>Inti Raymi<\/strong> &#8211; Intita Yupaichani (Agradecimiento al Sol)<\/p><p>&#8211; S\u00e1bado 26 de Julio hasta domingo 10 de agosto 2025 | <strong>B\u00fasqueda de Visi\u00f3n<\/strong><\/p><p>&#8211; S\u00e1bado 20 de Septiembre 2025\u00a0 <strong>Kulla Raymi<\/strong> &#8211; Allpamamatak Ma\u00f1achuk (Pedir a la madre tierra)<\/p><p>&#8211; S\u00e1bado 20 de Diciembre 2025 <strong>Kapac Raymi<\/strong> &#8211; Muchuk Apuk (Nuevo L\u00edder)<\/p>                    <\/div>\n\t\t        \n                    <div id=\"otros-paises-tab\" class=\"clearfix eael-tab-content-item inactive\" data-title-link=\"otros-paises-tab\">\n\t\t\t\t        <p><strong>Ceremonia de Curaci\u00f3n | New York &#8211; EEUU<\/strong><\/p><p>Por definir<\/p><p><strong>Danza Kulla Raymi | Quetecura &#8211; CHILE<\/strong><\/p><p>S\u00e1bado 27 de Septiembre | 2025<\/p>                    <\/div>\n\t\t                    <\/div>\n        <\/div>\n\t\t\t\t<\/div>\n\t\t\t\t<\/div>\n\t\t\t\t\t<\/div>\n\t\t<\/div>\n\t\t\t\t\t<\/div>\n\t\t<\/section>\n\t\t\t\t<\/div>","protected":false},"excerpt":{"rendered":"<p>Cronograma de Ceremonias, Danzas y B\u00fasqueda de Visi\u00f3n 2025 SARAGURO CUENCA PUGLLA WASHA OTROS PAISES Ceremonias de Curaci\u00f3n 2025 S\u00c1BADO: Hora de Inicio: 19H00 \u00a0 Ceremonias de Curaci\u00f3n S\u00c1BADO: Hora de Inicio: 19H00 &#8211; 28 de marzo 2025 &#8211; S\u00e1bado 22 de Marzo 2025 Pawkar Raymi &#8211; Sisakun \u00d1an (El Florecer del Camino) &#8211; S\u00e1bado [&hellip;]<\/p>\n","protected":false},"author":1,"featured_media":0,"parent":0,"menu_order":0,"comment_status":"closed","ping_status":"closed","template":"","meta":{"site-sidebar-layout":"default","site-content-layout":"","ast-site-content-layout":"default","site-content-style":"default","site-sidebar-style":"default","ast-global-header-display":"","ast-banner-title-visibility":"","ast-main-header-display":"","ast-hfb-above-header-display":"","ast-hfb-below-header-display":"","ast-hfb-mobile-header-display":"","site-post-title":"","ast-breadcrumbs-content":"","ast-featured-img":"","footer-sml-layout":"","ast-disable-related-posts":"","theme-transparent-header-meta":"","adv-header-id-meta":"","stick-header-meta":"","header-above-stick-meta":"","header-main-stick-meta":"","header-below-stick-meta":"","astra-migrate-meta-layouts":"default","ast-page-background-enabled":"default","ast-page-background-meta":{"desktop":{"background-color":"var(--ast-global-color-4)","background-image":"","background-repeat":"repeat","background-position":"center center","background-size":"auto","background-attachment":"scroll","background-type":"","background-media":"","overlay-type":"","overlay-color":"","overlay-opacity":"","overlay-gradient":""},"tablet":{"background-color":"","background-image":"","background-repeat":"repeat","background-position":"center center","background-size":"auto","background-attachment":"scroll","background-type":"","background-media":"","overlay-type":"","overlay-color":"","overlay-opacity":"","overlay-gradient":""},"mobile":{"background-color":"","background-image":"","background-repeat":"repeat","background-position":"center center","background-size":"auto","background-attachment":"scroll","background-type":"","background-media":"","overlay-type":"","overlay-color":"","overlay-opacity":"","overlay-gradient":""}},"ast-content-background-meta":{"desktop":{"background-color":"var(--ast-global-color-5)","background-image":"","background-repeat":"repeat","background-position":"center center","background-size":"auto","background-attachment":"scroll","background-type":"","background-media":"","overlay-type":"","overlay-color":"","overlay-opacity":"","overlay-gradient":""},"tablet":{"background-color":"var(--ast-global-color-5)","background-image":"","background-repeat":"repeat","background-position":"center center","background-size":"auto","background-attachment":"scroll","background-type":"","background-media":"","overlay-type":"","overlay-color":"","overlay-opacity":"","overlay-gradient":""},"mobile":{"background-color":"var(--ast-global-color-5)","background-image":"","background-repeat":"repeat","background-position":"center center","background-size":"auto","background-attachment":"scroll","background-type":"","background-media":"","overlay-type":"","overlay-color":"","overlay-opacity":"","overlay-gradient":""}},"footnotes":""},"class_list":["post-533","page","type-page","status-publish","hentry"],"_links":{"self":[{"href":"https:\/\/fusay.org\/en\/wp-json\/wp\/v2\/pages\/533","targetHints":{"allow":["GET"]}}],"collection":[{"href":"https:\/\/fusay.org\/en\/wp-json\/wp\/v2\/pages"}],"about":[{"href":"https:\/\/fusay.org\/en\/wp-json\/wp\/v2\/types\/page"}],"author":[{"embeddable":true,"href":"https:\/\/fusay.org\/en\/wp-json\/wp\/v2\/users\/1"}],"replies":[{"embeddable":true,"href":"https:\/\/fusay.org\/en\/wp-json\/wp\/v2\/comments?post=533"}],"version-history":[{"count":135,"href":"https:\/\/fusay.org\/en\/wp-json\/wp\/v2\/pages\/533\/revisions"}],"predecessor-version":[{"id":2684,"href":"https:\/\/fusay.org\/en\/wp-json\/wp\/v2\/pages\/533\/revisions\/2684"}],"wp:attachment":[{"href":"https:\/\/fusay.org\/en\/wp-json\/wp\/v2\/media?parent=533"}],"curies":[{"name":"wp","href":"https:\/\/api.w.org\/{rel}","templated":true}]}}