{"id":542,"date":"2024-06-04T16:37:26","date_gmt":"2024-06-04T21:37:26","guid":{"rendered":"https:\/\/fusay.org\/?page_id=542"},"modified":"2025-08-29T13:11:48","modified_gmt":"2025-08-29T18:11:48","slug":"certificaciones","status":"publish","type":"page","link":"https:\/\/fusay.org\/en\/certificaciones\/","title":{"rendered":"Certificaciones"},"content":{"rendered":"<div data-elementor-type=\"wp-page\" data-elementor-id=\"542\" class=\"elementor elementor-542\">\n\t\t\t\t\t\t<section class=\"elementor-section elementor-top-section elementor-element elementor-element-202d278 elementor-section-boxed elementor-section-height-default elementor-section-height-default jltma-glass-effect-no\" data-id=\"202d278\" data-element_type=\"section\" data-e-type=\"section\">\n\t\t\t\t\t\t<div class=\"elementor-container elementor-column-gap-default\">\n\t\t\t\t\t<div class=\"elementor-column elementor-col-100 elementor-top-column elementor-element elementor-element-ac044d6 jltma-glass-effect-no\" data-id=\"ac044d6\" data-element_type=\"column\" data-e-type=\"column\">\n\t\t\t<div class=\"elementor-widget-wrap elementor-element-populated\">\n\t\t\t\t\t\t<div class=\"elementor-element elementor-element-a1da907 jltma-glass-effect-no elementor-widget elementor-widget-spacer\" data-id=\"a1da907\" data-element_type=\"widget\" data-e-type=\"widget\" data-widget_type=\"spacer.default\">\n\t\t\t\t<div class=\"elementor-widget-container\">\n\t\t\t\t\t\t\t<div class=\"elementor-spacer\">\n\t\t\t<div class=\"elementor-spacer-inner\"><\/div>\n\t\t<\/div>\n\t\t\t\t\t\t<\/div>\n\t\t\t\t<\/div>\n\t\t\t\t\t<\/div>\n\t\t<\/div>\n\t\t\t\t\t<\/div>\n\t\t<\/section>\n\t\t\t\t<section class=\"elementor-section elementor-top-section elementor-element elementor-element-e6d8579 elementor-section-boxed elementor-section-height-default elementor-section-height-default jltma-glass-effect-no\" data-id=\"e6d8579\" data-element_type=\"section\" data-e-type=\"section\">\n\t\t\t\t\t\t<div class=\"elementor-container elementor-column-gap-default\">\n\t\t\t\t\t<div class=\"elementor-column elementor-col-100 elementor-top-column elementor-element elementor-element-6cce915 jltma-glass-effect-no\" data-id=\"6cce915\" data-element_type=\"column\" data-e-type=\"column\">\n\t\t\t<div class=\"elementor-widget-wrap elementor-element-populated\">\n\t\t\t\t\t\t<div class=\"elementor-element elementor-element-dcee7ef jltma-glass-effect-no elementor-widget elementor-widget-heading\" data-id=\"dcee7ef\" data-element_type=\"widget\" data-e-type=\"widget\" data-widget_type=\"heading.default\">\n\t\t\t\t<div class=\"elementor-widget-container\">\n\t\t\t\t\t<h2 class=\"elementor-heading-title elementor-size-default\">Lista de personas autorizadas por nuestra Instituci\u00f3n<\/h2>\t\t\t\t<\/div>\n\t\t\t\t<\/div>\n\t\t\t\t\t<\/div>\n\t\t<\/div>\n\t\t\t\t\t<\/div>\n\t\t<\/section>\n\t\t\t\t<section class=\"elementor-section elementor-top-section elementor-element elementor-element-69dbe37 elementor-section-boxed elementor-section-height-default elementor-section-height-default jltma-glass-effect-no\" data-id=\"69dbe37\" data-element_type=\"section\" data-e-type=\"section\">\n\t\t\t\t\t\t<div class=\"elementor-container elementor-column-gap-default\">\n\t\t\t\t\t<div class=\"elementor-column elementor-col-100 elementor-top-column elementor-element elementor-element-c4b2661 jltma-glass-effect-no\" data-id=\"c4b2661\" data-element_type=\"column\" data-e-type=\"column\">\n\t\t\t<div class=\"elementor-widget-wrap elementor-element-populated\">\n\t\t\t\t\t\t<div class=\"elementor-element elementor-element-46f30ab jltma-glass-effect-no elementor-widget elementor-widget-shortcode\" data-id=\"46f30ab\" data-element_type=\"widget\" data-e-type=\"widget\" data-widget_type=\"shortcode.default\">\n\t\t\t\t<div class=\"elementor-widget-container\">\n\t\t\t\t\t\t\t<div class=\"elementor-shortcode\">\n<table id=\"tablepress-1\" class=\"tablepress tablepress-id-1\">\n<thead>\n<tr class=\"row-1\">\n\t<th class=\"column-1\">Name<\/th><th class=\"column-2\">Last name<\/th><th class=\"column-3\">Contry<\/th><th class=\"column-4\">Centro de Atenci\u00f3n<\/th><th class=\"column-5\">Fecha de Autorizaci\u00f3n<\/th><th class=\"column-6\">Vigencia<\/th>\n<\/tr>\n<\/thead>\n<tbody class=\"row-striping row-hover\">\n<tr class=\"row-2\">\n\t<td class=\"column-1\">ANGEL POLIVIO<\/td><td class=\"column-2\">JAPON CANGO<\/td><td class=\"column-3\">ECUADOR - Saraguro<\/td><td class=\"column-4\"><a href=\"https:\/\/fusay.org\/en\/\" target=\"_blank\">Fundaci\u00f3n Salud y Vida Nueva<\/a><\/td><td class=\"column-5\">Septiembre 2004<\/td><td class=\"column-6\">Fundador - Activo<\/td>\n<\/tr>\n<tr class=\"row-3\">\n\t<td class=\"column-1\">ANGEL RODRIGO<\/td><td class=\"column-2\">JAPON GUALAN<\/td><td class=\"column-3\">ECUADOR - Cuenca<\/td><td class=\"column-4\">Casa del Wiki Saraguro<\/td><td class=\"column-5\">Septiembre 2004<\/td><td class=\"column-6\">Fundador - Activo<\/td>\n<\/tr>\n<tr class=\"row-4\">\n\t<td class=\"column-1\">JAIME WILFIRDO<\/td><td class=\"column-2\">JAPON GUALAN<\/td><td class=\"column-3\">ECUADOR - Saraguro<\/td><td class=\"column-4\">Runa Life<\/td><td class=\"column-5\">Mayo 2022<\/td><td class=\"column-6\">Fundador - Activo<\/td>\n<\/tr>\n<tr class=\"row-5\">\n\t<td class=\"column-1\">LUIS EDUARDO<\/td><td class=\"column-2\">GUAMAN POMA<\/td><td class=\"column-3\">ECUADOR - Saraguro<\/td><td class=\"column-4\">Waira<\/td><td class=\"column-5\">Julio 2023<\/td><td class=\"column-6\">Fundador - Activo<\/td>\n<\/tr>\n<tr class=\"row-6\">\n\t<td class=\"column-1\">FRANCISCO<\/td><td class=\"column-2\">ZENTENO SILVA<\/td><td class=\"column-3\">CHILE<\/td><td class=\"column-4\">Siete Flechas Sur<\/td><td class=\"column-5\">Noviembre 2024<\/td><td class=\"column-6\">Nov. 2025 - Vigente<\/td>\n<\/tr>\n<tr class=\"row-7\">\n\t<td class=\"column-1\">SANTIAGO<\/td><td class=\"column-2\">AYALA MENESES<\/td><td class=\"column-3\">CHILE<\/td><td class=\"column-4\">S\/N<\/td><td class=\"column-5\">Noviembre 2015<\/td><td class=\"column-6\">Nov. 2024 - Vencido<\/td>\n<\/tr>\n<tr class=\"row-8\">\n\t<td class=\"column-1\">JEANNETTE MARCELA<\/td><td class=\"column-2\">ZAVALA VALDENEGRO<\/td><td class=\"column-3\">CHILE - Coipue<\/td><td class=\"column-4\">S\/N<\/td><td class=\"column-5\">Septiembre 2025<\/td><td class=\"column-6\">Sep. 2026 - Vigente<\/td>\n<\/tr>\n<tr class=\"row-9\">\n\t<td class=\"column-1\">ARTURO ALEJANDRO<\/td><td class=\"column-2\">MARTINEZ SARMIENTO<\/td><td class=\"column-3\">CHILE<\/td><td class=\"column-4\">S\/N<\/td><td class=\"column-5\">Septiembre 2025<\/td><td class=\"column-6\">Sep. 2026 - Vigente<\/td>\n<\/tr>\n<tr class=\"row-10\">\n\t<td class=\"column-1\"><\/td><td class=\"column-2\"><\/td><td class=\"column-3\"><\/td><td class=\"column-4\"><\/td><td class=\"column-5\"><\/td><td class=\"column-6\"><\/td>\n<\/tr>\n<\/tbody>\n<\/table>\n<!-- #tablepress-1 from cache --><\/div>\n\t\t\t\t\t\t<\/div>\n\t\t\t\t<\/div>\n\t\t\t\t\t<\/div>\n\t\t<\/div>\n\t\t\t\t\t<\/div>\n\t\t<\/section>\n\t\t\t\t<section class=\"elementor-section elementor-top-section elementor-element elementor-element-ede0e5f elementor-section-boxed elementor-section-height-default elementor-section-height-default jltma-glass-effect-no\" data-id=\"ede0e5f\" data-element_type=\"section\" data-e-type=\"section\">\n\t\t\t\t\t\t<div class=\"elementor-container elementor-column-gap-default\">\n\t\t\t\t\t<div class=\"elementor-column elementor-col-100 elementor-top-column elementor-element elementor-element-5ef4dad jltma-glass-effect-no\" data-id=\"5ef4dad\" data-element_type=\"column\" data-e-type=\"column\">\n\t\t\t<div class=\"elementor-widget-wrap elementor-element-populated\">\n\t\t\t\t\t\t<div class=\"elementor-element elementor-element-14ee9eb jltma-glass-effect-no elementor-widget elementor-widget-heading\" data-id=\"14ee9eb\" data-element_type=\"widget\" data-e-type=\"widget\" data-widget_type=\"heading.default\">\n\t\t\t\t<div class=\"elementor-widget-container\">\n\t\t\t\t\t<h3 class=\"elementor-heading-title elementor-size-default\">Con el Aval de:<\/h3>\t\t\t\t<\/div>\n\t\t\t\t<\/div>\n\t\t\t\t<div class=\"elementor-element elementor-element-bfd1b9e jltma-glass-effect-no elementor-widget elementor-widget-image\" data-id=\"bfd1b9e\" data-element_type=\"widget\" data-e-type=\"widget\" data-widget_type=\"image.default\">\n\t\t\t\t<div class=\"elementor-widget-container\">\n\t\t\t\t\t\t\t\t\t\t\t\t\t\t\t<img fetchpriority=\"high\" decoding=\"async\" width=\"1536\" height=\"286\" src=\"https:\/\/fusay.org\/wp-content\/uploads\/2025\/03\/Aval_Fusay-1536x286.png\" class=\"attachment-1536x1536 size-1536x1536 wp-image-2730\" alt=\"\" srcset=\"https:\/\/fusay.org\/wp-content\/uploads\/2025\/03\/Aval_Fusay-1536x286.png 1536w, https:\/\/fusay.org\/wp-content\/uploads\/2025\/03\/Aval_Fusay-300x56.png 300w, https:\/\/fusay.org\/wp-content\/uploads\/2025\/03\/Aval_Fusay-1024x191.png 1024w, https:\/\/fusay.org\/wp-content\/uploads\/2025\/03\/Aval_Fusay-768x143.png 768w, https:\/\/fusay.org\/wp-content\/uploads\/2025\/03\/Aval_Fusay-18x3.png 18w, https:\/\/fusay.org\/wp-content\/uploads\/2025\/03\/Aval_Fusay.png 1920w\" sizes=\"(max-width: 1536px) 100vw, 1536px\" \/>\t\t\t\t\t\t\t\t\t\t\t\t\t\t\t<\/div>\n\t\t\t\t<\/div>\n\t\t\t\t<div class=\"elementor-element elementor-element-12c0206 jltma-glass-effect-no elementor-widget elementor-widget-text-editor\" data-id=\"12c0206\" data-element_type=\"widget\" data-e-type=\"widget\" data-widget_type=\"text-editor.default\">\n\t\t\t\t<div class=\"elementor-widget-container\">\n\t\t\t\t\t\t\t\t\t<p>Esta es la \u00fanica lista de los Centros avalados por nuestra Fundaci\u00f3n.\u00a0<span style=\"font-size: 19px; font-weight: normal;\">En caso de fraudulencias por favor comunicarse con el departamento legal de la Fundaci\u00f3n: <\/span><a style=\"font-size: 19px; font-weight: normal;\" href=\"https:\/\/wa.link\/9byniu\" target=\"_blank\" rel=\"noopener\">Click aqu\u00ed\u00a0<\/a><\/p>\t\t\t\t\t\t\t\t<\/div>\n\t\t\t\t<\/div>\n\t\t\t\t\t<\/div>\n\t\t<\/div>\n\t\t\t\t\t<\/div>\n\t\t<\/section>\n\t\t\t\t<\/div>","protected":false},"excerpt":{"rendered":"<p>Lista de personas autorizadas por nuestra Instituci\u00f3n Con el Aval de: Esta es la \u00fanica lista de los Centros avalados por nuestra Fundaci\u00f3n.\u00a0En caso de fraudulencias por favor comunicarse con el departamento legal de la Fundaci\u00f3n: Click aqu\u00ed\u00a0<\/p>","protected":false},"author":1,"featured_media":0,"parent":0,"menu_order":0,"comment_status":"closed","ping_status":"closed","template":"","meta":{"site-sidebar-layout":"default","site-content-layout":"","ast-site-content-layout":"default","site-content-style":"default","site-sidebar-style":"default","ast-global-header-display":"","ast-banner-title-visibility":"","ast-main-header-display":"","ast-hfb-above-header-display":"","ast-hfb-below-header-display":"","ast-hfb-mobile-header-display":"","site-post-title":"","ast-breadcrumbs-content":"","ast-featured-img":"","footer-sml-layout":"","ast-disable-related-posts":"","theme-transparent-header-meta":"","adv-header-id-meta":"","stick-header-meta":"","header-above-stick-meta":"","header-main-stick-meta":"","header-below-stick-meta":"","astra-migrate-meta-layouts":"default","ast-page-background-enabled":"default","ast-page-background-meta":{"desktop":{"background-color":"var(--ast-global-color-4)","background-image":"","background-repeat":"repeat","background-position":"center center","background-size":"auto","background-attachment":"scroll","background-type":"","background-media":"","overlay-type":"","overlay-color":"","overlay-opacity":"","overlay-gradient":""},"tablet":{"background-color":"","background-image":"","background-repeat":"repeat","background-position":"center center","background-size":"auto","background-attachment":"scroll","background-type":"","background-media":"","overlay-type":"","overlay-color":"","overlay-opacity":"","overlay-gradient":""},"mobile":{"background-color":"","background-image":"","background-repeat":"repeat","background-position":"center center","background-size":"auto","background-attachment":"scroll","background-type":"","background-media":"","overlay-type":"","overlay-color":"","overlay-opacity":"","overlay-gradient":""}},"ast-content-background-meta":{"desktop":{"background-color":"var(--ast-global-color-5)","background-image":"","background-repeat":"repeat","background-position":"center center","background-size":"auto","background-attachment":"scroll","background-type":"","background-media":"","overlay-type":"","overlay-color":"","overlay-opacity":"","overlay-gradient":""},"tablet":{"background-color":"var(--ast-global-color-5)","background-image":"","background-repeat":"repeat","background-position":"center center","background-size":"auto","background-attachment":"scroll","background-type":"","background-media":"","overlay-type":"","overlay-color":"","overlay-opacity":"","overlay-gradient":""},"mobile":{"background-color":"var(--ast-global-color-5)","background-image":"","background-repeat":"repeat","background-position":"center center","background-size":"auto","background-attachment":"scroll","background-type":"","background-media":"","overlay-type":"","overlay-color":"","overlay-opacity":"","overlay-gradient":""}},"footnotes":""},"class_list":["post-542","page","type-page","status-publish","hentry"],"_links":{"self":[{"href":"https:\/\/fusay.org\/en\/wp-json\/wp\/v2\/pages\/542","targetHints":{"allow":["GET"]}}],"collection":[{"href":"https:\/\/fusay.org\/en\/wp-json\/wp\/v2\/pages"}],"about":[{"href":"https:\/\/fusay.org\/en\/wp-json\/wp\/v2\/types\/page"}],"author":[{"embeddable":true,"href":"https:\/\/fusay.org\/en\/wp-json\/wp\/v2\/users\/1"}],"replies":[{"embeddable":true,"href":"https:\/\/fusay.org\/en\/wp-json\/wp\/v2\/comments?post=542"}],"version-history":[{"count":75,"href":"https:\/\/fusay.org\/en\/wp-json\/wp\/v2\/pages\/542\/revisions"}],"predecessor-version":[{"id":2936,"href":"https:\/\/fusay.org\/en\/wp-json\/wp\/v2\/pages\/542\/revisions\/2936"}],"wp:attachment":[{"href":"https:\/\/fusay.org\/en\/wp-json\/wp\/v2\/media?parent=542"}],"curies":[{"name":"wp","href":"https:\/\/api.w.org\/{rel}","templated":true}]}}